{"id":1017,"date":"2026-03-23T11:08:58","date_gmt":"2026-03-23T10:08:58","guid":{"rendered":"https:\/\/legatuslife.com\/?page_id=1017"},"modified":"2026-04-18T08:18:47","modified_gmt":"2026-04-18T07:18:47","slug":"uslovi-koriscenja","status":"publish","type":"page","link":"https:\/\/legatuslife.com\/en\/uslovi-koriscenja\/","title":{"rendered":"Terms of use"},"content":{"rendered":"<div class=\"brz brz-root__container brz-reset-all brz-root__container-page\">\n<section id=\"v3_gApONXyoQ_v3_gApONXyoQ\" class=\"brz-section brz-css-d-section brz-css-nma8ny\">\n<div class=\"brz-section__content brz-section--fullWidth brz-css-d-sectionitem-bg brz-css-qfqsep\" data-brz-custom-id=\"vHzb2xYAeDoY\">\n<div class=\"brz-container brz-css-d-sectionitem-container brz-css-o4du2g\">\n<div id=\"\" class=\"brz-css-d-wrapper brz-css-philh1 brz-wrapper\">\n<div class=\"brz-rich-text brz-rich-text__custom brz-css-d-richtext brz-css-65n1vm\" data-brz-custom-id=\"gM81Kg_iK38x\">\n<div data-brz-translate-text=\"1\">\n<h2 class=\"brz-text-lg-center brz-tp-lg-heading2 brz-css-hsWa4\" data-generated-css=\"brz-css-hapxT\" data-uniq-id=\"rurHh\"><span class=\"brz-cp-color2\">TERMS OF USE<\/span><\/h2>\n<\/div>\n<\/div>\n<\/div>\n<div id=\"\" class=\"brz-css-d-wrapper brz-css-s2dpge brz-wrapper\">\n<div class=\"brz-rich-text brz-rich-text__custom brz-css-d-richtext brz-css-1dqq6wx\" data-brz-custom-id=\"iGK3rzzXYeCK\">\n<div data-brz-translate-text=\"1\">\n<p class=\"brz-tp-lg-paragraph brz-text-lg-center brz-css-ebsDi\" data-generated-css=\"brz-css-s8GTh\" data-uniq-id=\"pGsNn\"><span class=\"brz-cp-color2\">Last updated: 15.03.2026<\/span><\/p>\n<\/div>\n<\/div>\n<\/div>\n<div id=\"\" class=\"brz-css-d-wrapper brz-css-1xeiu36 brz-wrapper\">\n<div class=\"brz-rich-text brz-rich-text__custom brz-css-d-richtext brz-css-1gsn5lg\" data-brz-custom-id=\"bo_g3H_tuNpD\">\n<div data-brz-translate-text=\"1\">\n<p class=\"brz-tp-lg-paragraph brz-css-j0VVn\" data-uniq-id=\"glne6\" data-generated-css=\"brz-css-vKLUA\">By using this site, you agree to the terms and conditions below. Please read them carefully before using.<\/p>\n<p class=\"brz-tp-lg-paragraph brz-css-r8lKp\" data-uniq-id=\"glne6\" data-generated-css=\"brz-css-vKLUA\">\n<p class=\"brz-tp-lg-paragraph brz-css-lh6kM\" data-uniq-id=\"lWTzR\" data-generated-css=\"brz-css-vCtXI\"><strong>General provisions<\/strong><\/p>\n<p class=\"brz-tp-lg-paragraph brz-css-lJOCP\" data-uniq-id=\"lum8K\" data-generated-css=\"brz-css-fhJ3d\">The Legatus Life website is an online platform for presenting and selling products of the LEGATUS LIFE DOO BELGRADE brand. We reserve the right to change the content of the website, prices and terms at any time, without prior notice.<\/p>\n<p class=\"brz-tp-lg-paragraph brz-css-zrHHO\" data-uniq-id=\"lum8K\" data-generated-css=\"brz-css-fhJ3d\">\n<p class=\"brz-tp-lg-paragraph brz-css-u8fhM\" data-uniq-id=\"xaBNA\" data-generated-css=\"brz-css-gHf7z\"><strong>Using the site<\/strong><\/p>\n<p class=\"brz-tp-lg-paragraph brz-css-a53Gp\" data-uniq-id=\"ilE6L\" data-generated-css=\"brz-css-mhBkw\">The user undertakes to use the site in accordance with applicable laws and good business practices. Any misuse of the content, as well as using the site in a way that may jeopardize its operation or security, is prohibited.<\/p>\n<p class=\"brz-tp-lg-paragraph brz-css-h01Eo\" data-uniq-id=\"ilE6L\" data-generated-css=\"brz-css-mhBkw\">\n<p class=\"brz-tp-lg-paragraph brz-css-m7P6R\" data-uniq-id=\"izoqb\" data-generated-css=\"brz-css-sJEtQ\"><strong>Products and prices<\/strong><\/p>\n<p class=\"brz-tp-lg-paragraph brz-css-bUx6B\" data-uniq-id=\"uSdTG\" data-generated-css=\"brz-css-tLcaB\">We strive to ensure that all product information is accurate and up-to-date. We reserve the right to make any errors in product descriptions, availability, and prices. All prices are in Serbian dinars (RSD) and include statutory tax.<\/p>\n<p class=\"brz-tp-lg-paragraph brz-css-s0Auh\" data-uniq-id=\"uSdTG\" data-generated-css=\"brz-css-tLcaB\">\n<p class=\"brz-tp-lg-paragraph brz-css-v0VZ_\" data-uniq-id=\"d0CQo\" data-generated-css=\"brz-css-d705F\"><strong>Ordering and payment<\/strong><\/p>\n<p class=\"brz-tp-lg-paragraph brz-css-hiiMk\" data-uniq-id=\"pJsP5\" data-generated-css=\"brz-css-cWYL_\">Purchases are made via online ordering. After confirming the order, the user receives a confirmation via e-mail. Payment is made according to the methods offered on the website.<\/p>\n<p class=\"brz-tp-lg-paragraph brz-css-cVowG\" data-uniq-id=\"pJsP5\" data-generated-css=\"brz-css-cWYL_\">\n<p class=\"brz-tp-lg-paragraph brz-css-ev2S7\" data-uniq-id=\"do_lE\" data-generated-css=\"brz-css-zAZZL\"><strong>Delivery<\/strong><\/p>\n<p class=\"brz-tp-lg-paragraph brz-css-ppRWb\" data-uniq-id=\"k16TM\" data-generated-css=\"brz-css-nY_dc\">Delivery times may vary depending on location and product availability. Legatus Life is not responsible for delays due to circumstances beyond our control.<\/p>\n<p class=\"brz-tp-lg-paragraph brz-css-wj3iO\" data-uniq-id=\"k16TM\" data-generated-css=\"brz-css-nY_dc\">\n<p class=\"brz-tp-lg-paragraph brz-css-mFWlN\" data-uniq-id=\"aaqy0\" data-generated-css=\"brz-css-hzmqq\"><strong>Complaints and returns<\/strong><\/p>\n<p class=\"brz-tp-lg-paragraph brz-css-lIbkG\" data-uniq-id=\"cBs3F\" data-generated-css=\"brz-css-xve51\">The user has the right to make a complaint in accordance with applicable laws. The product can be returned within the specified period, if it has not been used and is in its original condition.<\/p>\n<p class=\"brz-tp-lg-paragraph brz-css-yWCCc\" data-uniq-id=\"cBs3F\" data-generated-css=\"brz-css-xve51\">\n<p class=\"brz-tp-lg-paragraph brz-css-qQ5hZ\" data-uniq-id=\"rcy4x\" data-generated-css=\"brz-css-dMEgO\"><strong>Intellectual property<\/strong><\/p>\n<p class=\"brz-tp-lg-paragraph brz-css-gQUP2\" data-uniq-id=\"m49lF\" data-generated-css=\"brz-css-uf2gZ\">All content on the site (texts, images, logo, design) is the property of the Legatus Life brand and cannot be used without prior permission.<\/p>\n<p class=\"brz-tp-lg-paragraph brz-css-ywKUe\" data-uniq-id=\"m49lF\" data-generated-css=\"brz-css-uf2gZ\">\n<p class=\"brz-tp-lg-paragraph brz-css-edDkP\" data-uniq-id=\"v_41T\" data-generated-css=\"brz-css-biX9x\"><strong>Data privacy<\/strong><\/p>\n<p class=\"brz-tp-lg-paragraph brz-css-uH6rI\" data-uniq-id=\"adOqU\" data-generated-css=\"brz-css-joqeH\">Legatus Life is committed to protecting the privacy of its users and using their data solely for the purpose of fulfilling orders and improving the service.<\/p>\n<p class=\"brz-tp-lg-paragraph brz-css-uLRMG\" data-uniq-id=\"adOqU\" data-generated-css=\"brz-css-joqeH\">\n<p class=\"brz-tp-lg-paragraph brz-css-uowBq\" data-uniq-id=\"u4AnU\" data-generated-css=\"brz-css-dLSE3\"><strong>Changes to terms and conditions<\/strong><\/p>\n<p class=\"brz-tp-lg-paragraph brz-css-dh9dR\" data-uniq-id=\"ilcTB\" data-generated-css=\"brz-css-sb9gn\">We reserve the right to change these terms and conditions at any time. All changes will become effective upon posting on the website.<\/p>\n<\/div>\n<\/div>\n<\/div>\n<\/div>\n<\/div>\n<\/section><\/div>\n<p><!-- version:1774260675 --><\/p>","protected":false},"excerpt":{"rendered":"<p>USLOVI KORI\u0160\u0106ENJA Poslednje a\u017euriranje: 15,03,2026 Kori\u0161\u0107enjem ovog sajta pristajete na dole navedene uslove. Molimo vas da ih pa\u017eljivo pro\u010ditate pre kori\u0161\u0107enja. Op\u0161te odredbe Sajt Legatus Life predstavlja online platformu za predstavljanje i prodaju proizvoda brenda LEGATUS LIFE DOO BEOGRAD. Zadr\u017eavamo pravo izmene sadr\u017eaja sajta, cena i uslova u bilo kom trenutku, bez prethodne najave. Kori\u0161\u0107enje&hellip; <a class=\"more-link\" href=\"https:\/\/legatuslife.com\/en\/uslovi-koriscenja\/\">Continue reading <span class=\"screen-reader-text\">Terms of use<\/span><\/a><\/p>","protected":false},"author":2,"featured_media":0,"parent":0,"menu_order":0,"comment_status":"closed","ping_status":"open","template":"brizy-blank-template.php","meta":{"footnotes":""},"class_list":["post-1017","page","type-page","status-publish","hentry","entry"],"brizy_media":[],"_links":{"self":[{"href":"https:\/\/legatuslife.com\/en\/wp-json\/wp\/v2\/pages\/1017","targetHints":{"allow":["GET"]}}],"collection":[{"href":"https:\/\/legatuslife.com\/en\/wp-json\/wp\/v2\/pages"}],"about":[{"href":"https:\/\/legatuslife.com\/en\/wp-json\/wp\/v2\/types\/page"}],"author":[{"embeddable":true,"href":"https:\/\/legatuslife.com\/en\/wp-json\/wp\/v2\/users\/2"}],"replies":[{"embeddable":true,"href":"https:\/\/legatuslife.com\/en\/wp-json\/wp\/v2\/comments?post=1017"}],"version-history":[{"count":3,"href":"https:\/\/legatuslife.com\/en\/wp-json\/wp\/v2\/pages\/1017\/revisions"}],"predecessor-version":[{"id":1022,"href":"https:\/\/legatuslife.com\/en\/wp-json\/wp\/v2\/pages\/1017\/revisions\/1022"}],"wp:attachment":[{"href":"https:\/\/legatuslife.com\/en\/wp-json\/wp\/v2\/media?parent=1017"}],"curies":[{"name":"wp","href":"https:\/\/api.w.org\/{rel}","templated":true}]}}