{"id":1027,"date":"2026-03-23T11:14:12","date_gmt":"2026-03-23T10:14:12","guid":{"rendered":"https:\/\/legatuslife.com\/?page_id=1027"},"modified":"2026-04-18T00:20:12","modified_gmt":"2026-04-17T23:20:12","slug":"povracaj-i-zamena","status":"publish","type":"page","link":"https:\/\/legatuslife.com\/en\/povracaj-i-zamena\/","title":{"rendered":"Return and exchange"},"content":{"rendered":"<div class=\"brz brz-root__container brz-reset-all brz-root__container-page\">\n<section id=\"v3_gApONXyoQ_v3_gApONXyoQ\" class=\"brz-section brz-css-d-section brz-css-nma8ny\">\n<div class=\"brz-section__content brz-section--fullWidth brz-css-d-sectionitem-bg brz-css-qfqsep\" data-brz-custom-id=\"vHzb2xYAeDoY\">\n<div class=\"brz-container brz-css-d-sectionitem-container brz-css-o4du2g\">\n<div id=\"\" class=\"brz-css-d-wrapper brz-css-philh1 brz-wrapper\">\n<div class=\"brz-rich-text brz-rich-text__custom brz-css-d-richtext brz-css-65n1vm\" data-brz-custom-id=\"gM81Kg_iK38x\">\n<div data-brz-translate-text=\"1\">\n<h2 class=\"brz-tp-lg-heading2 brz-text-lg-center brz-css-zpiQX\" data-uniq-id=\"lEOJm\" data-generated-css=\"brz-css-tYq6W\"><span class=\"brz-cp-color2\">Return and exchange<\/span><\/h2>\n<\/div>\n<\/div>\n<\/div>\n<div id=\"\" class=\"brz-css-d-wrapper brz-css-s2dpge brz-wrapper\">\n<div class=\"brz-rich-text brz-rich-text__custom brz-css-d-richtext brz-css-1dqq6wx\" data-brz-custom-id=\"iGK3rzzXYeCK\">\n<div data-brz-translate-text=\"1\">\n<p class=\"brz-tp-lg-paragraph brz-text-lg-center brz-css-oAngH\" data-generated-css=\"brz-css-s8GTh\" data-uniq-id=\"pGsNn\"><span class=\"brz-cp-color2\">Last updated: 15.03.2026<\/span><\/p>\n<\/div>\n<\/div>\n<\/div>\n<div id=\"\" class=\"brz-css-d-wrapper brz-css-1xeiu36 brz-wrapper\">\n<div class=\"brz-rich-text brz-rich-text__custom brz-css-d-richtext brz-css-1gsn5lg\" data-brz-custom-id=\"bo_g3H_tuNpD\">\n<div data-brz-translate-text=\"1\">\n<p class=\"brz-tp-lg-paragraph brz-css-j3_O6\" data-generated-css=\"brz-css-eyOvp\" data-uniq-id=\"rcKY2\">Customer satisfaction is our priority. If you are not completely satisfied with your purchase, we offer returns and exchanges in accordance with the terms and conditions below.<\/p>\n<p class=\"brz-tp-lg-paragraph brz-css-tYA9p\" data-generated-css=\"brz-css-rdflU\" data-uniq-id=\"eGCpB\"><\/p>\n<p class=\"brz-tp-lg-paragraph brz-css-t0i6d\" data-generated-css=\"brz-css-zMeS2\" data-uniq-id=\"n1IX6\"><strong>Right to a refund<\/strong><\/p>\n<p class=\"brz-tp-lg-paragraph brz-css-exxZQ\" data-generated-css=\"brz-css-u4t9X\" data-uniq-id=\"r33xL\">The customer has the right to return the product within 14 days from the day of receiving the shipment.<\/p>\n<p class=\"brz-tp-lg-paragraph brz-css-pKzvi\" data-generated-css=\"brz-css-wruWZ\" data-uniq-id=\"hXmDg\"><\/p>\n<p class=\"brz-tp-lg-paragraph brz-css-cbq7h\" data-generated-css=\"brz-css-dcFcX\" data-uniq-id=\"mk63W\"><strong>Refund conditions<\/strong><\/p>\n<p class=\"brz-tp-lg-paragraph brz-css-gbq53\" data-generated-css=\"brz-css-httWl\" data-uniq-id=\"mid4x\">For a return to be accepted, the product must be:<\/p>\n<p class=\"brz-tp-lg-paragraph brz-css-rSNc6\" data-generated-css=\"brz-css-kVOql\" data-uniq-id=\"lQUR4\">\u2013 unused<\/p>\n<p class=\"brz-tp-lg-paragraph brz-css-g2qwL\" data-generated-css=\"brz-css-mkfqo\" data-uniq-id=\"lcpj_\">\u2013 undamaged<\/p>\n<p class=\"brz-tp-lg-paragraph brz-css-b2bA6\" data-generated-css=\"brz-css-o1QU2\" data-uniq-id=\"vgslx\">\u2013 u originalnom pakovanju sa etiketom<\/p>\n<p class=\"brz-tp-lg-paragraph brz-css-clBzB\" data-generated-css=\"brz-css-xi5To\" data-uniq-id=\"an19m\">We reserve the right to refuse returns if the product does not meet the stated conditions.<\/p>\n<p class=\"brz-tp-lg-paragraph brz-css-gsCD0\" data-generated-css=\"brz-css-c2uCV\" data-uniq-id=\"rYbFu\"><\/p>\n<p class=\"brz-tp-lg-paragraph brz-css-tlNy4\" data-generated-css=\"brz-css-bbdi4\" data-uniq-id=\"mCpeA\"><strong>Refund process<\/strong><\/p>\n<p class=\"brz-tp-lg-paragraph brz-css-fC7Ri\" data-generated-css=\"brz-css-vaGNE\" data-uniq-id=\"eXIIX\">To start the return process, you need to contact us via email: customer@legatuslife.com<\/p>\n<p class=\"brz-tp-lg-paragraph brz-css-sCSUS\" data-generated-css=\"brz-css-rgm_5\" data-uniq-id=\"rb5W6\">You will then receive instructions for sending the product.<\/p>\n<p class=\"brz-tp-lg-paragraph brz-css-z3QnK\" data-generated-css=\"brz-css-xmBn1\" data-uniq-id=\"hBa2l\"><\/p>\n<p class=\"brz-tp-lg-paragraph brz-css-s1Xgs\" data-generated-css=\"brz-css-kUYtx\" data-uniq-id=\"vqMSy\"><strong>Return costs<\/strong><\/p>\n<p class=\"brz-tp-lg-paragraph brz-css-urZME\" data-generated-css=\"brz-css-o7G0z\" data-uniq-id=\"oITrA\">The costs of sending the product are borne by the buyer, except in cases where the product is damaged or there was an error on our part.<\/p>\n<p class=\"brz-tp-lg-paragraph brz-css-swMHV\" data-generated-css=\"brz-css-j5eCb\" data-uniq-id=\"xu4Ni\"><\/p>\n<p class=\"brz-tp-lg-paragraph brz-css-rOIcc\" data-generated-css=\"brz-css-dhEEP\" data-uniq-id=\"jqFLl\"><strong>Refund<\/strong><\/p>\n<p class=\"brz-tp-lg-paragraph brz-css-ru0Kw\" data-generated-css=\"brz-css-lqWPH\" data-uniq-id=\"pYbud\">After receiving and inspecting the returned product, we will issue a refund in the same manner in which payment was made, as soon as possible.<\/p>\n<p class=\"brz-tp-lg-paragraph brz-css-iWvUN\" data-generated-css=\"brz-css-ovNQU\" data-uniq-id=\"bYKNv\"><\/p>\n<p class=\"brz-tp-lg-paragraph brz-css-aqQhC\" data-generated-css=\"brz-css-k8zEv\" data-uniq-id=\"r5kz0\"><strong>Product replacement<\/strong><\/p>\n<p class=\"brz-tp-lg-paragraph brz-css-gWbcO\" data-generated-css=\"brz-css-vk0n_\" data-uniq-id=\"jPQW2\">If you would like to exchange for another product or size, you can indicate this when initiating the return, subject to item availability.<\/p>\n<p class=\"brz-tp-lg-paragraph brz-css-dBae3\" data-generated-css=\"brz-css-k4smN\" data-uniq-id=\"nD1Dk\"><\/p>\n<p class=\"brz-tp-lg-paragraph brz-css-wMAiJ\" data-generated-css=\"brz-css-e_yal\" data-uniq-id=\"z5Zzb\"><strong>Damaged or wrong products<\/strong><\/p>\n<p class=\"brz-tp-lg-paragraph brz-css-cgEzC\" data-generated-css=\"brz-css-viFK9\" data-uniq-id=\"x97N1\">Ukoliko dobijete o\u0161te\u0107en ili pogre\u0161an proizvod, molimo vas da nas odmah kontaktirate kako bismo problem re\u0161ili u najkra\u0107em roku.<\/p>\n<p class=\"brz-tp-lg-paragraph brz-css-voPbw\" data-generated-css=\"brz-css-qXpAN\" data-uniq-id=\"hC3vo\"><\/p>\n<p class=\"brz-tp-lg-paragraph brz-css-i1UkS\" data-generated-css=\"brz-css-yO2kl\" data-uniq-id=\"iErEt\"><strong>Policy changes<\/strong><\/p>\n<p class=\"brz-tp-lg-paragraph brz-css-c3Cjm\" data-generated-css=\"brz-css-fMiA3\" data-uniq-id=\"hVgOV\">We reserve the right to change this policy at any time. All changes will be effective upon posting on the website.<\/p>\n<\/div>\n<\/div>\n<\/div>\n<\/div>\n<\/div>\n<\/section><\/div>\n<p><!-- version:1774651420 --><\/p>","protected":false},"excerpt":{"rendered":"<p>Povra\u0107aj i zamena Poslednje a\u017euriranje: 15,03,2026 Zadovoljstvo kupaca nam je prioritet. Ukoliko niste u potpunosti zadovoljni kupovinom, omogu\u0107avamo povrat i zamenu proizvoda u skladu sa dole navedenim uslovima. Pravo na povrat Kupac ima pravo da vrati proizvod u roku od 14 dana od dana prijema po\u0161iljke. Uslovi za povrat Da bi povrat bio prihva\u0107en, proizvod&hellip; <a class=\"more-link\" href=\"https:\/\/legatuslife.com\/en\/povracaj-i-zamena\/\">Continue reading <span class=\"screen-reader-text\">Return and exchange<\/span><\/a><\/p>","protected":false},"author":2,"featured_media":0,"parent":0,"menu_order":0,"comment_status":"closed","ping_status":"open","template":"brizy-blank-template.php","meta":{"footnotes":""},"class_list":["post-1027","page","type-page","status-publish","hentry","entry"],"brizy_media":[],"_links":{"self":[{"href":"https:\/\/legatuslife.com\/en\/wp-json\/wp\/v2\/pages\/1027","targetHints":{"allow":["GET"]}}],"collection":[{"href":"https:\/\/legatuslife.com\/en\/wp-json\/wp\/v2\/pages"}],"about":[{"href":"https:\/\/legatuslife.com\/en\/wp-json\/wp\/v2\/types\/page"}],"author":[{"embeddable":true,"href":"https:\/\/legatuslife.com\/en\/wp-json\/wp\/v2\/users\/2"}],"replies":[{"embeddable":true,"href":"https:\/\/legatuslife.com\/en\/wp-json\/wp\/v2\/comments?post=1027"}],"version-history":[{"count":7,"href":"https:\/\/legatuslife.com\/en\/wp-json\/wp\/v2\/pages\/1027\/revisions"}],"predecessor-version":[{"id":1192,"href":"https:\/\/legatuslife.com\/en\/wp-json\/wp\/v2\/pages\/1027\/revisions\/1192"}],"wp:attachment":[{"href":"https:\/\/legatuslife.com\/en\/wp-json\/wp\/v2\/media?parent=1027"}],"curies":[{"name":"wp","href":"https:\/\/api.w.org\/{rel}","templated":true}]}}