{"id":3,"date":"2026-02-28T19:25:25","date_gmt":"2026-02-28T19:25:25","guid":{"rendered":"https:\/\/legatuslife.com\/?page_id=3"},"modified":"2026-04-18T01:12:32","modified_gmt":"2026-04-18T00:12:32","slug":"privacy-policy","status":"publish","type":"page","link":"https:\/\/legatuslife.com\/en\/privacy-policy\/","title":{"rendered":"Pravila privatnosti"},"content":{"rendered":"<div class=\"brz brz-root__container brz-reset-all brz-root__container-page\">\n<section id=\"v3_gApONXyoQ_v3_gApONXyoQ\" class=\"brz-section brz-css-d-section brz-css-nma8ny\">\n<div class=\"brz-section__content brz-section--fullWidth brz-css-d-sectionitem-bg brz-css-qfqsep\" data-brz-custom-id=\"vHzb2xYAeDoY\">\n<div class=\"brz-container brz-css-d-sectionitem-container brz-css-o4du2g\">\n<div id=\"\" class=\"brz-css-d-wrapper brz-css-philh1 brz-wrapper\">\n<div class=\"brz-rich-text brz-rich-text__custom brz-css-d-richtext brz-css-65n1vm\" data-brz-custom-id=\"gM81Kg_iK38x\">\n<div data-brz-translate-text=\"1\">\n<h2 class=\"brz-text-lg-center brz-tp-lg-heading2 brz-css-ddwuW\" data-generated-css=\"brz-css-c6cky\" data-uniq-id=\"vDu9S\"><span class=\"brz-cp-color2\">Privacy Policy<\/span><\/h2>\n<\/div>\n<\/div>\n<\/div>\n<div id=\"\" class=\"brz-css-d-wrapper brz-css-s2dpge brz-wrapper\">\n<div class=\"brz-rich-text brz-rich-text__custom brz-css-d-richtext brz-css-1dqq6wx\" data-brz-custom-id=\"iGK3rzzXYeCK\">\n<div data-brz-translate-text=\"1\">\n<p class=\"brz-tp-lg-paragraph brz-text-lg-center brz-css-nmVxD\" data-generated-css=\"brz-css-s8GTh\" data-uniq-id=\"pGsNn\"><span class=\"brz-cp-color2\">Last updated: 15.03.2026<\/span><\/p>\n<\/div>\n<\/div>\n<\/div>\n<div id=\"\" class=\"brz-css-d-wrapper brz-css-1xeiu36 brz-wrapper\">\n<div class=\"brz-rich-text brz-rich-text__custom brz-css-d-richtext brz-css-1gsn5lg\" data-brz-custom-id=\"bo_g3H_tuNpD\">\n<div data-brz-translate-text=\"1\">\n<p class=\"brz-tp-lg-paragraph brz-css-icjUZ\" data-generated-css=\"brz-css-nKxkK\" data-uniq-id=\"alvtQ\">Your privacy is important to us. This policy explains what information we collect, how we use it, and how we protect it.<\/p>\n<p class=\"brz-tp-lg-paragraph brz-css-kQtrR\" data-generated-css=\"brz-css-fszwq\" data-uniq-id=\"fUXN5\"><\/p>\n<p class=\"brz-tp-lg-paragraph brz-css-gzJ67\" data-generated-css=\"brz-css-yKwiV\" data-uniq-id=\"ialNI\"><strong>Data collection<\/strong><\/p>\n<p class=\"brz-tp-lg-paragraph brz-css-awJ8g\" data-generated-css=\"brz-css-mDgEO\" data-uniq-id=\"djd6I\">We only collect the necessary information that the user voluntarily provides when registering, ordering, or contacting us. This may include name and surname, email address, phone number, and shipping address.<\/p>\n<p class=\"brz-tp-lg-paragraph brz-css-hFRpg\" data-generated-css=\"brz-css-uEMC1\" data-uniq-id=\"vZY6u\"><\/p>\n<p class=\"brz-tp-lg-paragraph brz-css-vRktf\" data-generated-css=\"brz-css-wptUf\" data-uniq-id=\"e7Nuo\"><strong>Data usage<\/strong><\/p>\n<p class=\"brz-tp-lg-paragraph brz-css-nbRio\" data-generated-css=\"brz-css-iVq2d\" data-uniq-id=\"dzWee\">We use your data solely for the purpose of fulfilling orders, communicating with users, and improving our services. The data will not be used for any other purpose without your consent.<\/p>\n<p class=\"brz-tp-lg-paragraph brz-css-lwPNi\" data-generated-css=\"brz-css-iMESW\" data-uniq-id=\"k9Hta\"><\/p>\n<p class=\"brz-tp-lg-paragraph brz-css-vuDM8\" data-generated-css=\"brz-css-negBJ\" data-uniq-id=\"dvhiE\"><strong>Data protection<\/strong><\/p>\n<p class=\"brz-tp-lg-paragraph brz-css-dgrg6\" data-generated-css=\"brz-css-fVw5T\" data-uniq-id=\"vHdzR\">We take all reasonable technical and organizational measures to protect your data from unauthorized access, loss or misuse.<\/p>\n<p class=\"brz-tp-lg-paragraph brz-css-gGPju\" data-generated-css=\"brz-css-dQQLH\" data-uniq-id=\"aW0z5\"><\/p>\n<p class=\"brz-tp-lg-paragraph brz-css-uY2pa\" data-generated-css=\"brz-css-kJKAE\" data-uniq-id=\"ezkYb\"><strong>Data sharing<\/strong><\/p>\n<p class=\"brz-tp-lg-paragraph brz-css-eSt4D\" data-generated-css=\"brz-css-bFcrV\" data-uniq-id=\"a852F\">Your data will not be sold or transferred to third parties, except in cases where this is necessary to fulfill the order (e.g. delivery services) or when required by law.<\/p>\n<p class=\"brz-tp-lg-paragraph brz-css-o3DiJ\" data-generated-css=\"brz-css-looqD\" data-uniq-id=\"scx3U\"><\/p>\n<p class=\"brz-tp-lg-paragraph brz-css-e0KdG\" data-generated-css=\"brz-css-w0HqO\" data-uniq-id=\"v8JNa\"><strong>Cookies<\/strong><\/p>\n<p class=\"brz-tp-lg-paragraph brz-css-pZ1gq\" data-generated-css=\"brz-css-aiF0i\" data-uniq-id=\"btIM3\">This site may use cookies to improve user experience and analyze traffic. By using this site, you agree to their use.<\/p>\n<p class=\"brz-tp-lg-paragraph brz-css-rrv0a\" data-generated-css=\"brz-css-ll4_l\" data-uniq-id=\"dfB1g\"><\/p>\n<p class=\"brz-tp-lg-paragraph brz-css-oyO9c\" data-generated-css=\"brz-css-bEWkJ\" data-uniq-id=\"q7WSM\"><strong>User rights<\/strong><\/p>\n<p class=\"brz-tp-lg-paragraph brz-css-deSD2\" data-generated-css=\"brz-css-vDpCf\" data-uniq-id=\"hJW9S\">The user has the right to request access, correction or deletion of their data at any time, in accordance with applicable laws.<\/p>\n<p class=\"brz-tp-lg-paragraph brz-css-do3Bg\" data-generated-css=\"brz-css-mpes1\" data-uniq-id=\"pYfRX\"><\/p>\n<p class=\"brz-tp-lg-paragraph brz-css-vZ3HU\" data-generated-css=\"brz-css-trN4U\" data-uniq-id=\"s44K1\"><strong>Privacy Policy Changes<\/strong><\/p>\n<p class=\"brz-tp-lg-paragraph brz-css-foLFm\" data-generated-css=\"brz-css-bzzKw\" data-uniq-id=\"e0eM2\">We reserve the right to change this policy at any time. All changes will be effective upon posting on the website.<\/p>\n<p class=\"brz-tp-lg-paragraph brz-css-xkxZA\" data-generated-css=\"brz-css-pWnG2\" data-uniq-id=\"q9Kcx\"><\/p>\n<p class=\"brz-tp-lg-paragraph brz-css-nZyDV\" data-generated-css=\"brz-css-rDXQ9\" data-uniq-id=\"jVm4H\"><strong>Contact<\/strong><\/p>\n<p class=\"brz-tp-lg-paragraph brz-css-mPbfb\" data-generated-css=\"brz-css-ndcWZ\" data-uniq-id=\"uQZk7\">For all questions regarding privacy and data protection, you can contact us via e-mail: customer@legatuslife.com<\/p>\n<\/div>\n<\/div>\n<\/div>\n<\/div>\n<\/div>\n<\/section><\/div>\n<p><!-- version:1774298845 --><\/p>","protected":false},"excerpt":{"rendered":"<p>Pravila o privatnosti Poslednje a\u017euriranje: 15,03,2026 Va\u0161a privatnost nam je va\u017ena. Ova politika obja\u0161njava koje podatke prikupljamo, kako ih koristimo i na koji na\u010din ih \u0161titimo. Prikupljanje podataka Prikupljamo samo neophodne podatke koje korisnik dobrovoljno ostavi prilikom registracije, poru\u010divanja ili kontaktiranja. To mo\u017ee uklju\u010divati ime i prezime, e-mail adresu, broj telefona i adresu za isporuku.&hellip; <a class=\"more-link\" href=\"https:\/\/legatuslife.com\/en\/privacy-policy\/\">Continue reading <span class=\"screen-reader-text\">Pravila privatnosti<\/span><\/a><\/p>","protected":false},"author":2,"featured_media":0,"parent":0,"menu_order":0,"comment_status":"closed","ping_status":"open","template":"brizy-blank-template.php","meta":{"footnotes":""},"class_list":["post-3","page","type-page","status-publish","hentry","entry"],"brizy_media":[],"_links":{"self":[{"href":"https:\/\/legatuslife.com\/en\/wp-json\/wp\/v2\/pages\/3","targetHints":{"allow":["GET"]}}],"collection":[{"href":"https:\/\/legatuslife.com\/en\/wp-json\/wp\/v2\/pages"}],"about":[{"href":"https:\/\/legatuslife.com\/en\/wp-json\/wp\/v2\/types\/page"}],"author":[{"embeddable":true,"href":"https:\/\/legatuslife.com\/en\/wp-json\/wp\/v2\/users\/2"}],"replies":[{"embeddable":true,"href":"https:\/\/legatuslife.com\/en\/wp-json\/wp\/v2\/comments?post=3"}],"version-history":[{"count":8,"href":"https:\/\/legatuslife.com\/en\/wp-json\/wp\/v2\/pages\/3\/revisions"}],"predecessor-version":[{"id":1097,"href":"https:\/\/legatuslife.com\/en\/wp-json\/wp\/v2\/pages\/3\/revisions\/1097"}],"wp:attachment":[{"href":"https:\/\/legatuslife.com\/en\/wp-json\/wp\/v2\/media?parent=3"}],"curies":[{"name":"wp","href":"https:\/\/api.w.org\/{rel}","templated":true}]}}