{"id":78,"date":"2026-03-13T23:42:10","date_gmt":"2026-03-13T23:42:10","guid":{"rendered":"https:\/\/legatuslife.com\/?page_id=78"},"modified":"2026-04-17T23:20:54","modified_gmt":"2026-04-17T22:20:54","slug":"o-nama","status":"publish","type":"page","link":"https:\/\/legatuslife.com\/en\/o-nama\/","title":{"rendered":"About us"},"content":{"rendered":"<div class=\"brz brz-root__container brz-reset-all brz-root__container-page\">\n<section id=\"nVFWf2hdjiPq_nVFWf2hdjiPq\" class=\"brz-section brz-css-d-section brz-css-1gzxc0n\">\n<div class=\"brz-section__content brz-section--fullWidth brz-css-d-sectionitem-bg brz-css-1ym97fg\" data-brz-custom-id=\"bJH0FUsRgxjF\">\n<div class=\"brz-bg\">\n<div class=\"brz-bg-color\"><\/div>\n<\/div>\n<div class=\"brz-container brz-css-d-sectionitem-container brz-css-1nwmmi2\">\n<div class=\"brz-row__container brz-css-d-row-row brz-css-1n8syiq\" data-brz-custom-id=\"jXAEtpQ6m4tc\">\n<div class=\"brz-row brz-css-d-row-container brz-css-r-row-container brz-css-wesq4m\">\n<div class=\"brz-columns brz-css-d-column-column brz-css-1kvxpnm\" data-brz-custom-id=\"tww71IWJCPFz\">\n<div class=\"brz-column__items brz-css-d-column-bg brz-css-164ii2o\">\n<div id=\"\" class=\"brz-css-d-wrapper brz-css-r-wrapper brz-css-6hp54r brz-wrapper\">\n<div class=\"brz-spacer brz-css-d-spacer brz-css-1kny78l\"><\/div>\n<\/div>\n<div id=\"\" class=\"brz-css-d-wrapper brz-css-r-wrapper brz-css-168jggw brz-wrapper\">\n<div class=\"brz-spacer brz-css-d-spacer brz-css-18hokb2\"><\/div>\n<\/div>\n<div id=\"\" class=\"brz-css-d-wrapper brz-css-o0wdro brz-wrapper\">\n<div class=\"brz-image brz-css-d-image-gt07rlodfeq9-parent brz-css-1x8xg79\" data-brz-custom-id=\"gt07RLODfEq9\"><img decoding=\"async\" class=\"brz-img\" src=\"https:\/\/legatuslife.com\/wp-content\/uploads\/2026\/03\/LEGATUS-FINAL_Artboard-3-copy-185-1.png\" loading=\"lazy\" alt=\"\" title=\"LEGATUS FINAL_Artboard 3 copy 185\"><\/div>\n<\/div>\n<div id=\"\" class=\"brz-css-d-wrapper brz-css-r-wrapper brz-css-ke8hd3 brz-wrapper\">\n<div class=\"brz-spacer brz-css-d-spacer brz-css-lt8tnt\"><\/div>\n<\/div>\n<\/div>\n<\/div>\n<div class=\"brz-columns brz-css-d-column-column brz-css-1gk4ejo\" data-brz-custom-id=\"gouU_bB9ZbuR\">\n<div class=\"brz-column__items brz-css-d-column-bg brz-css-zx65x0\">\n<div id=\"\" class=\"brz-css-d-wrapper brz-css-r-wrapper brz-css-1fyqe7a brz-wrapper\">\n<div class=\"brz-spacer brz-css-d-spacer brz-css-19ydz7h\"><\/div>\n<\/div>\n<div id=\"\" class=\"brz-css-d-wrapper brz-css-1s6gl36 brz-wrapper\">\n<div class=\"brz-rich-text brz-rich-text__custom brz-css-d-richtext brz-css-14qatz7\" data-brz-custom-id=\"undOFirasHaH\">\n<div data-brz-translate-text=\"1\">\n<h2 class=\"brz-tp-lg-heading2 brz-css-oxYUh\" data-uniq-id=\"g8N9I\" data-generated-css=\"brz-css-aO0Kx\"><span class=\"brz-cp-color3\">ABOUT US<\/span><\/h2>\n<\/div>\n<\/div>\n<\/div>\n<div id=\"\" class=\"brz-css-d-wrapper brz-css-1en8ttk brz-wrapper\">\n<div class=\"brz-rich-text brz-rich-text__custom brz-css-d-richtext brz-css-16d3v3o\" data-brz-custom-id=\"ztFIqTfAgmy3\">\n<div data-brz-translate-text=\"1\">\n<h4 class=\"brz-tp-lg-heading4 brz-text-lg-justify brz-text-xs-left brz-tp-xs-empty brz-fs-xs-18 brz-fss-xs-px brz-fw-xs-700 brz-ls-xs-0 brz-lh-xs-1_4 brz-vfw-xs-400 brz-fwdth-xs-100 brz-fsft-xs-0 brz-css-zARr8\" data-generated-css=\"brz-css-tMLnP\" data-uniq-id=\"hl7zy\"><span class=\"brz-cp-color3\">Quiet authority. Eternal value.<\/span><\/h4>\n<\/div>\n<\/div>\n<\/div>\n<div id=\"\" class=\"brz-css-d-wrapper brz-css-r-wrapper brz-css-wfpg01 brz-wrapper\">\n<div class=\"brz-spacer brz-css-d-spacer brz-css-1vqzr7t\"><\/div>\n<\/div>\n<div id=\"\" data-brz-iteration-count=\"1\" class=\"brz-css-d-wrapper brz-css-ygu6g1 brz-wrapper brz-animated brz-css-d-wrapper-animation-brz-reveal-right-1000-1000-false brz-css-1wkstlj\" data-animationid=\"kV4jw9Aht5Rd\">\n<div class=\"brz-icon-text brz-css-d-icontext brz-css-11cpb26\" data-brz-custom-id=\"qTY9GXkwLko6\">\n<div class=\"brz-icon__container\" data-brz-custom-id=\"xnuNE0XuUcAW\"><span class=\"brz-icon brz-span brz-css-d-icon-icon brz-css-1v2iggh\"><\/span><\/div>\n<div class=\"brz-text-btn\">\n<div class=\"brz-rich-text brz-rich-text__custom brz-css-d-richtext brz-css-1czo7al\" data-brz-custom-id=\"cpEOa2Tp25GP\">\n<div data-brz-translate-text=\"1\">\n<p class=\"brz-fsft-lg-0 brz-fwdth-lg-100 brz-vfw-lg-400 brz-lh-lg-1_4 brz-ls-lg-m_1_5 brz-fw-lg-700 brz-fss-lg-px brz-fs-lg-28 brz-ft-google brz-ff-cinzel brz-tp-lg-empty brz-css-qFXCy\" data-generated-css=\"brz-css-jBDqf\" data-uniq-id=\"e5B7R\"><span class=\"brz-cp-color8\">MISSION<\/span><\/p>\n<h6 class=\"brz-tp-lg-heading6 brz-css-ulEqc\" data-generated-css=\"brz-css-valZf\" data-uniq-id=\"ji_Sl\"><span class=\"brz-cp-color8\">Da pove\u017eemo istoriju i savremeni svet kroz bezvremenske vrednosti koje grade trajno nasle\u0111e.<\/span><\/h6>\n<\/div>\n<\/div>\n<\/div>\n<\/div>\n<\/div>\n<div id=\"\" data-brz-iteration-count=\"1\" class=\"brz-css-d-wrapper brz-css-machvu brz-wrapper brz-animated brz-css-d-wrapper-animation-brz-reveal-right-1000-1000-false brz-css-1cr86d8\" data-animationid=\"perIjVNJD1KM\">\n<div class=\"brz-icon-text brz-css-d-icontext brz-css-9og0xq\" data-brz-custom-id=\"q3Do8iX8DQu4\">\n<div class=\"brz-icon__container\" data-brz-custom-id=\"bVSCNxgJruPi\"><span class=\"brz-icon brz-span brz-css-d-icon-icon brz-css-w1kmja\"><\/span><\/div>\n<div class=\"brz-text-btn\">\n<div class=\"brz-rich-text brz-rich-text__custom brz-css-d-richtext brz-css-2scy02\" data-brz-custom-id=\"jkAZKin7w8x2\">\n<div data-brz-translate-text=\"1\">\n<p data-uniq-id=\"jQjGP\" data-generated-css=\"brz-css-kcdlP\" class=\"brz-tp-lg-empty brz-ff-cinzel brz-ft-google brz-fs-lg-28 brz-fss-lg-px brz-fw-lg-700 brz-ls-lg-m_1_5 brz-lh-lg-1_4 brz-vfw-lg-400 brz-fwdth-lg-100 brz-fsft-lg-0 brz-css-pmKa6\"><span class=\"brz-cp-color7\">Vision <\/span><\/p>\n<h6 class=\"brz-tp-lg-heading6 brz-css-daouF\" data-uniq-id=\"eEOP2\" data-generated-css=\"brz-css-silA2\"><span class=\"brz-cp-color7\">To establish a lasting symbol of identity recognized among those who follow the same path<\/span><\/h6>\n<h6 class=\"brz-tp-lg-heading6 brz-css-z6SR2\" data-uniq-id=\"pMuRy\" data-generated-css=\"brz-css-oFtfV\"><span class=\"brz-cp-color7\">of values.<\/span><\/h6>\n<\/div>\n<\/div>\n<\/div>\n<\/div>\n<\/div>\n<div id=\"\" data-brz-iteration-count=\"1\" class=\"brz-css-d-wrapper brz-css-tj4moo brz-wrapper brz-animated brz-css-d-wrapper-animation-brz-reveal-right-1000-1000-false brz-css-1d65md4\" data-animationid=\"eROwM0m1Zn0i\">\n<div class=\"brz-icon-text brz-css-d-icontext brz-css-86txla\" data-brz-custom-id=\"nkwGGls8cukB\">\n<div class=\"brz-icon__container\" data-brz-custom-id=\"vJywBoZbRgFg\"><span class=\"brz-icon brz-span brz-css-d-icon-icon brz-css-1xl3ybf\"><\/span><\/div>\n<div class=\"brz-text-btn\">\n<div class=\"brz-rich-text brz-rich-text__custom brz-css-d-richtext brz-css-15zbwzq\" data-brz-custom-id=\"sCmkx6FLmzEd\">\n<div data-brz-translate-text=\"1\">\n<p data-uniq-id=\"m68mS\" data-generated-css=\"brz-css-b5jbO\" class=\"brz-tp-lg-empty brz-ff-cinzel brz-ft-google brz-fs-lg-28 brz-fss-lg-px brz-fw-lg-700 brz-ls-lg-m_1_5 brz-lh-lg-1_4 brz-vfw-lg-400 brz-fwdth-lg-100 brz-fsft-lg-0 brz-css-g7vKU\"><span class=\"brz-cp-color7\">Values<\/span><\/p>\n<h6 class=\"brz-tp-lg-heading6 brz-css-bOwkh\" data-uniq-id=\"wyQVo\" data-generated-css=\"brz-css-f3clt\"><span class=\"brz-cp-color7\">Discipline, Courage, Honor, Wisdom, Freedom<\/span><\/h6>\n<\/div>\n<\/div>\n<\/div>\n<\/div>\n<\/div>\n<div id=\"\" class=\"brz-css-d-wrapper brz-css-r-wrapper brz-css-18i81db brz-wrapper\">\n<div class=\"brz-spacer brz-css-d-spacer brz-css-f1dn3q\"><\/div>\n<\/div>\n<\/div>\n<\/div>\n<\/div>\n<\/div>\n<\/div>\n<\/div>\n<\/section>\n<section id=\"fNWDP_OcgxsU_fNWDP_OcgxsU\" class=\"brz-section brz-css-d-section brz-css-3w3428\">\n<div class=\"brz-section__content brz-section--fullWidth brz-css-d-sectionitem-bg brz-css-1y1av0v\" data-brz-custom-id=\"ttqPXCUjOdq6\">\n<div class=\"brz-container brz-css-d-sectionitem-container brz-css-12vzbno\">\n<div id=\"\" class=\"brz-css-d-wrapper brz-css-nz2hnl brz-wrapper\">\n<div class=\"brz-rich-text brz-rich-text__custom brz-css-d-richtext brz-css-1w5tp1d\" data-brz-custom-id=\"gE0g23344rPd\">\n<div data-brz-translate-text=\"1\">\n<h2 class=\"brz-text-lg-center brz-tp-lg-heading2 brz-css-dsN7C\" data-generated-css=\"brz-css-l3agt\" data-uniq-id=\"bQ6Yc\"><span class=\"brz-cp-color2\">Brand philosophy<\/span><\/h2>\n<\/div>\n<\/div>\n<\/div>\n<div id=\"\" class=\"brz-css-d-wrapper brz-css-r-wrapper brz-css-mnmmfh brz-wrapper\">\n<div class=\"brz-spacer brz-css-d-spacer brz-css-10rw5wg\"><\/div>\n<\/div>\n<div id=\"\" class=\"brz-css-d-wrapper brz-css-1g7cmaa brz-wrapper\">\n<div class=\"brz-line brz-line-default brz-css-d-line brz-css-tt1oc8\" data-brz-custom-id=\"c6GRkqElNDy_\">\n<hr class=\"brz-hr\"><\/div>\n<\/div>\n<div id=\"\" class=\"brz-css-d-wrapper brz-css-4wabuo brz-wrapper\">\n<div class=\"brz-rich-text brz-rich-text__custom brz-css-d-richtext brz-css-8e7g9k\" data-brz-custom-id=\"jWZK2DKqGRwu\">\n<div data-brz-translate-text=\"1\">\n<p class=\"brz-text-lg-left brz-tp-lg-paragraph brz-tp-xs-paragraph brz-css-bEBjX\" data-uniq-id=\"mUr8z\" data-generated-css=\"brz-css-nBWa6\"><span class=\"brz-cp-color2\">Legatus Life was born from the idea that what a man wears can have meaning and be a reflection of his identity.<\/span><\/p>\n<p class=\"brz-text-lg-left brz-tp-lg-paragraph brz-tp-xs-paragraph brz-css-ljmG_\" data-uniq-id=\"pduc_\" data-generated-css=\"brz-css-pbvwv\"><span class=\"brz-cp-color2\"> <\/span><\/p>\n<p class=\"brz-text-lg-left brz-tp-lg-paragraph brz-tp-xs-paragraph brz-css-zJWLs translation-block\" data-uniq-id=\"cNzIH\" data-generated-css=\"brz-css-jg2ow\">In a world that is constantly changing, the timeless values \u200b\u200bthat shape strong character remain the same \u2014 discipline, wisdom, freedom, honor, and courage. Throughout history, it is these values \u200b\u200bthat have<\/p>\n<p class=\"brz-text-lg-left brz-tp-lg-paragraph brz-tp-xs-paragraph brz-css-dHRJp\" data-uniq-id=\"xI3Wd\" data-generated-css=\"brz-css-qLd9m\"><span class=\"brz-cp-color2\">led by people who built, led and explored, leaving behind a legacy that lasts far beyond their time.<\/span><\/p>\n<p class=\"brz-text-lg-left brz-tp-lg-paragraph brz-tp-xs-paragraph brz-css-gA0I8\" data-uniq-id=\"dcOZ1\" data-generated-css=\"brz-css-l9qol\"><span class=\"brz-cp-color2\"> <\/span><\/p>\n<p class=\"brz-text-lg-left brz-tp-lg-paragraph brz-tp-xs-paragraph brz-css-gG1uO\" data-uniq-id=\"mU42x\" data-generated-css=\"brz-css-f_N4s\"><span class=\"brz-cp-color2\">Legatus Life represents these values \u200b\u200band connects those who want to learn from history and apply its lessons to contemporary life. <\/span><\/p>\n<p class=\"brz-text-lg-left brz-tp-lg-paragraph brz-tp-xs-paragraph brz-css-hAbVe\" data-uniq-id=\"qpfbS\" data-generated-css=\"brz-css-jNDRE\"><span class=\"brz-cp-color2\"> <\/span><\/p>\n<p class=\"brz-text-lg-left brz-tp-lg-paragraph brz-tp-xs-paragraph brz-css-lGxDt translation-block\" data-uniq-id=\"kAeIB\" data-generated-css=\"brz-css-vwWEa\">The word Legatus comes from Latin and means \u201cenvoy.\u201d In ancient Rome, a Legatus was a representative entrusted with the authority and responsibility to act on behalf of something greater than oneself. Life symbolizes a contemporary way of life shaped by these values. Together, Legatus Life represents a way of life guided by timeless values \u200b\u200b\u2014 in everyday decisions, ambitions, and the way one relates to the world around them.<\/p>\n<p class=\"brz-text-lg-left brz-tp-lg-paragraph brz-tp-xs-paragraph brz-css-pIbIh\" data-uniq-id=\"k1u7L\" data-generated-css=\"brz-css-uIqbD\"><span class=\"brz-cp-color2\"> <\/span><\/p>\n<p class=\"brz-text-lg-left brz-tp-lg-paragraph brz-tp-xs-paragraph brz-css-zNV8b translation-block\" data-uniq-id=\"sa4DT\" data-generated-css=\"brz-css-pXSSh\">Within the Legatus Life brand, we also use the word Legatus in a broader sense.<\/p>\n<p class=\"brz-text-lg-left brz-tp-lg-paragraph brz-tp-xs-paragraph brz-css-u9Qaw translation-block\" data-uniq-id=\"j9oiv\" data-generated-css=\"brz-css-yLZma\">For us, Legatus is not just a historical title. It is a way to describe a man \u2014 someone who is aligned with enduring values. A man who strives for discipline in his actions, wisdom in his decisions, freedom in the way he lives, honor in the way he carries himself, and courage in the moments when it is most needed.<\/p>\n<p class=\"brz-text-lg-left brz-tp-lg-paragraph brz-tp-xs-paragraph brz-css-pglSz\" data-uniq-id=\"b7yck\" data-generated-css=\"brz-css-fbrWr\"><span class=\"brz-cp-color2\">That idea is at the very core of the brand.<\/span><\/p>\n<p class=\"brz-text-lg-left brz-tp-lg-paragraph brz-tp-xs-paragraph brz-css-vftn7\" data-uniq-id=\"kied6\" data-generated-css=\"brz-css-ioU2_\"><span class=\"brz-cp-color2\">Each Legatus Life collection is inspired by moments in history when these values \u200b\u200bwere put to the test. These moments are not just a part of the past \u2014 they are a reminder of the values \u200b\u200bthat have always shaped a strong character.<\/span><\/p>\n<p class=\"brz-text-lg-left brz-tp-lg-paragraph brz-tp-xs-paragraph brz-css-gJYCg\" data-uniq-id=\"nC_Hb\" data-generated-css=\"brz-css-wpg82\"><span class=\"brz-cp-color2\"> <\/span><\/p>\n<p class=\"brz-text-lg-left brz-tp-lg-empty brz-ff-cinzel brz-ft-google brz-fs-lg-16 brz-fss-lg-px brz-fw-lg-500 brz-ls-lg-0 brz-lh-lg-1_9 brz-vfw-lg-400 brz-fwdth-lg-100 brz-fsft-lg-0 brz-tp-xs-paragraph brz-css-igc4b\" data-uniq-id=\"eAUDW\" data-generated-css=\"brz-css-yefH6\"><span class=\"brz-cp-color2\">Our clothing follows the same philosophy: precise tailoring, refined simplicity, practical design, and a timeless aesthetic that emphasizes quality and fit \u2014 pieces created to be worn with confidence, without excess.<\/span><\/p>\n<p class=\"brz-text-lg-left brz-tp-lg-paragraph brz-tp-xs-paragraph brz-css-hB0Y3\" data-uniq-id=\"kCJKF\" data-generated-css=\"brz-css-i43su\"><span class=\"brz-cp-color2\">Legatus Life is not based on passing trends.<\/span><\/p>\n<p class=\"brz-text-lg-left brz-tp-lg-paragraph brz-tp-xs-paragraph brz-css-gcY3P\" data-uniq-id=\"dfhdi\" data-generated-css=\"brz-css-g2NhD\"><span class=\"brz-cp-color2\">It is a symbol of identity for those who value purpose.<\/span><\/p>\n<p class=\"brz-text-lg-left brz-tp-lg-paragraph brz-tp-xs-paragraph brz-css-oniLy\" data-uniq-id=\"w_Rm6\" data-generated-css=\"brz-css-pAjc0\"><span class=\"brz-cp-color2\">Heritage is not determined by the time in which a person lives, but by the values \u200b\u200bthey choose to represent. <\/span><\/p>\n<p class=\"brz-text-lg-left brz-tp-lg-paragraph brz-tp-xs-paragraph brz-css-fN7i1\" data-uniq-id=\"yiAQX\" data-generated-css=\"brz-css-xL1Av\"><span class=\"brz-cp-color2\"> <\/span><\/p>\n<p class=\"brz-text-lg-left brz-tp-lg-paragraph brz-tp-xs-paragraph brz-css-tadxK\" data-uniq-id=\"rXkWP\" data-generated-css=\"brz-css-gXUH4\"><strong class=\"brz-cp-color2\">Are you Legatus?<\/strong><\/p>\n<\/div>\n<\/div>\n<\/div>\n<\/div>\n<\/div>\n<\/section><\/div>\n<p><!-- version:1774475527 --><\/p>","protected":false},"excerpt":{"rendered":"<p>O NAMA Tihi autoritet. Ve\u010dna vrednost. MISIJA Da pove\u017eemo istoriju i savremeni svet kroz bezvremenske vrednosti koje grade trajno nasle\u0111e. Vizija Da uspostavimo trajni simbol identiteta prepoznat me\u0111u onima koji se vode istim vrednostima. Vrednosti Disciplina, Hrabrost, \u010cast, Mudrost, Sloboda Filozofija brenda Legatus Life nastao je iz ideje da ono \u0161to mu\u0161karac nosi mo\u017ee imati&hellip; <a class=\"more-link\" href=\"https:\/\/legatuslife.com\/en\/o-nama\/\">Continue reading <span class=\"screen-reader-text\">About us<\/span><\/a><\/p>","protected":false},"author":2,"featured_media":0,"parent":0,"menu_order":0,"comment_status":"closed","ping_status":"closed","template":"brizy-blank-template.php","meta":{"footnotes":""},"class_list":["post-78","page","type-page","status-publish","hentry","entry"],"brizy_media":[{"id":482,"url":"https:\/\/legatuslife.com\/wp-content\/uploads\/2026\/03\/LEGATUS-FINAL_Artboard-3-copy-186.jpg","name":"LEGATUS-FINAL_Artboard-3-copy-186.jpg","meta":{"brizy_attachment_uid":"wp-0b3e6c7c9ccfbc21f81f2f7158dcb8b9.jpg","brizy_post_uid":["f74f4f0285d245e60b3f9e38d16f062a","49e2ce6b84031ac652e1436b4e08b511"]}},{"id":654,"url":"https:\/\/legatuslife.com\/wp-content\/uploads\/2026\/03\/LEGATUS_FINAL_Artboard_3_copy_185-removebg-preview.png","name":"LEGATUS_FINAL_Artboard_3_copy_185-removebg-preview.png","meta":{"brizy_attachment_uid":"wp-cdc53c598a4f8fbe8c5f6e65ba7da2e8.png","brizy_post_uid":["f74f4f0285d245e60b3f9e38d16f062a","49e2ce6b84031ac652e1436b4e08b511"]}},{"id":939,"url":"https:\/\/legatuslife.com\/wp-content\/uploads\/2026\/03\/JEL01134-scaled.jpg","name":"JEL01134.jpg","meta":{"brizy_attachment_uid":"wp-505d74839af428b7cce8b93cbaa79d1c.jpg","brizy_post_uid":["49e2ce6b84031ac652e1436b4e08b511"]}},{"id":1045,"url":"https:\/\/legatuslife.com\/wp-content\/uploads\/2026\/03\/LEGATUS-FINAL_Artboard-3-copy-185-1.png","name":"LEGATUS-FINAL_Artboard-3-copy-185-1.png","meta":{"brizy_attachment_uid":"wp-5df54bae0951606f2100b6cc379e8d8c.png","brizy_post_uid":["f74f4f0285d245e60b3f9e38d16f062a","49e2ce6b84031ac652e1436b4e08b511","db595f7db9b06d2d27f94312898ed9ec"]}}],"_links":{"self":[{"href":"https:\/\/legatuslife.com\/en\/wp-json\/wp\/v2\/pages\/78","targetHints":{"allow":["GET"]}}],"collection":[{"href":"https:\/\/legatuslife.com\/en\/wp-json\/wp\/v2\/pages"}],"about":[{"href":"https:\/\/legatuslife.com\/en\/wp-json\/wp\/v2\/types\/page"}],"author":[{"embeddable":true,"href":"https:\/\/legatuslife.com\/en\/wp-json\/wp\/v2\/users\/2"}],"replies":[{"embeddable":true,"href":"https:\/\/legatuslife.com\/en\/wp-json\/wp\/v2\/comments?post=78"}],"version-history":[{"count":27,"href":"https:\/\/legatuslife.com\/en\/wp-json\/wp\/v2\/pages\/78\/revisions"}],"predecessor-version":[{"id":1204,"href":"https:\/\/legatuslife.com\/en\/wp-json\/wp\/v2\/pages\/78\/revisions\/1204"}],"wp:attachment":[{"href":"https:\/\/legatuslife.com\/en\/wp-json\/wp\/v2\/media?parent=78"}],"curies":[{"name":"wp","href":"https:\/\/api.w.org\/{rel}","templated":true}]}}