{"id":82,"date":"2026-03-13T23:42:30","date_gmt":"2026-03-13T23:42:30","guid":{"rendered":"https:\/\/legatuslife.com\/?page_id=82"},"modified":"2026-04-18T00:15:44","modified_gmt":"2026-04-17T23:15:44","slug":"blog","status":"publish","type":"page","link":"https:\/\/legatuslife.com\/en\/blog\/","title":{"rendered":"Blog"},"content":{"rendered":"<div class=\"brz brz-root__container brz-reset-all brz-root__container-page\">\n<section id=\"kx6nw4E0kDGz_kx6nw4E0kDGz\" class=\"brz-section brz-css-d-section brz-css-1qmo9iv\">\n<div class=\"brz-section__content brz-section--fullWidth brz-css-d-sectionitem-bg brz-css-19h1yv8\" data-brz-custom-id=\"qKpn3Cux_Y09\">\n<div class=\"brz-container brz-css-d-sectionitem-container brz-css-1gxpaii\">\n<div id=\"\" class=\"brz-css-d-wrapper brz-css-1ir8cu8 brz-wrapper\">\n<div class=\"brz-rich-text brz-rich-text__custom brz-css-d-richtext brz-css-1h982ky\" data-brz-custom-id=\"kIMKbtWJcZ9K\">\n<div data-brz-translate-text=\"1\">\n<h2 class=\"brz-tp-lg-heading2 brz-text-lg-center brz-css-uHQyz\" data-uniq-id=\"s6GDM\" data-generated-css=\"brz-css-n9BUc\"><span class=\"brz-cp-color2\">Legatus journal<\/span><\/h2>\n<\/div>\n<\/div>\n<\/div>\n<div id=\"\" class=\"brz-css-d-wrapper brz-css-10qefnb brz-wrapper\">\n<div class=\"brz-rich-text brz-rich-text__custom brz-css-d-richtext brz-css-kfea7y\" data-brz-custom-id=\"wDnUdT0E6Muy\">\n<div data-brz-translate-text=\"1\">\n<p class=\"brz-text-lg-center brz-tp-lg-paragraph brz-css-sn0kE\" data-uniq-id=\"xF3mB\" data-generated-css=\"brz-css-dhKH1\"><span class=\"brz-cp-color2\">Advice on men's style, inspiration from Roman heritage and stories of quality, discipline and timeless elegance. <\/span><\/p>\n<p class=\"brz-text-lg-center brz-tp-lg-paragraph brz-css-a1Vjc\" data-uniq-id=\"xF3mB\" data-generated-css=\"brz-css-dhKH1\"><span class=\"brz-cp-color2\">Discover how simple details can build a style that lasts for years.<\/span><\/p>\n<\/div>\n<\/div>\n<\/div>\n<div id=\"\" class=\"brz-css-d-wrapper brz-css-r-wrapper brz-css-xuv1yv brz-wrapper\">\n<div class=\"brz-posts brz-css-d-posts brz-css-1pm0qcd\" data-brz-custom-id=\"eT3uF3iUIPjR\">\n<div class=\"brz-posts__wrapper\">\n<div class=\"brz-posts__item\">\n<div class=\"brz-columns brz-css-d-column-column brz-css-r-column-column brz-css-1852l7d\" data-brz-custom-id=\"sRluiU6ffr8t\">\n<div class=\"brz-hover-animation__container\" data-brz-hover-animationid=\"sRluiU6ffr8t\" data-brz-hover-options=\"%7B%22fill%22:%22forwards%22,%22easing%22:%22ease%22,%22duration%22:600,%22iterations%22:1%7D\" data-brz-hover-reversible=\"true\" data-brz-hover-target=\"%22parent%22\" data-brz-hover-animation=\"%5B%7B%22WebkitTransform%22:%22translateY(-0px)%22,%22transform%22:%22translateY(-0px)%22,%22offset%22:0%7D,%7B%22WebkitTransform%22:%22translateY(-8px)%22,%22transform%22:%22translateY(-8px)%22,%22offset%22:1%7D%5D\">\n<div class=\"brz-column__items brz-css-d-column-bg brz-css-du6571\">\n<div id=\"\" class=\"brz-css-d-wrapper brz-css-r-wrapper brz-css-16c4m17 brz-wrapper\">\n<div class=\"brz-spacer brz-css-d-spacer brz-css-1fe7y2r\"><\/div>\n<\/div>\n<div class=\"brz-row__container brz-css-d-row-row brz-css-w8mumc\" data-brz-custom-id=\"t_BYMTdCiff4\">\n<div class=\"brz-row brz-css-d-row-container brz-css-blf4nd\">\n<div class=\"brz-columns brz-css-d-column-column brz-css-mlvr4z\" data-brz-custom-id=\"nQ2AmziigXsQ\">\n<div class=\"brz-column__items brz-css-d-column-bg brz-css-24yza\">\n<div id=\"\" class=\"brz-css-d-wrapper brz-css-45818q brz-wrapper\">\n<div class=\"brz-image brz-css-d-image-ofpincp6zc0j-parent brz-css-1wrwopa\" data-brz-custom-id=\"oFpIncP6ZC0j\"><a class=\"brz-a\" target=\"_self\" rel=\"noopener\" href=\"https:\/\/legatuslife.com\/en\/trojanski-konj-pad-troje\/\" data-brz-link-type=\"external\"><img decoding=\"async\" class=\"brz-img\" src=\"https:\/\/legatuslife.com\/wp-content\/uploads\/brizy\/imgs\/ChatGPT-Image-Mar-19-2026-12_38_01-AM-661x440x0x22x661x396x1773877098.png\" loading=\"lazy\" alt=\"\" title=\"ChatGPT Image Mar 19, 2026, 12_38_01 AM\"><\/a><\/div>\n<\/div>\n<\/div>\n<\/div>\n<div data-brz-iteration-count=\"1\" class=\"brz-columns brz-css-d-column-column brz-css-tj6ali brz-animated brz-css-d-column-animation-brz-reveal-right-1000-1000-false brz-css-8h857d\" data-brz-custom-id=\"cwVV1tavoFVo\">\n<div class=\"brz-column__items brz-css-d-column-bg brz-css-1twxcip\">\n<div id=\"\" class=\"brz-css-d-wrapper brz-css-11mddhb brz-wrapper\">\n<div class=\"brz-wp-title brz-css-d-wppoststitle brz-css-r-wppoststitle brz-css-64hsbu\" data-brz-custom-id=\"jFmTOXSocIQG\"><a class=\"brz-a\" target=\"_self\" rel=\"noopener\" href=\"https:\/\/legatuslife.com\/en\/trojanski-konj-pad-troje\/\" data-brz-link-type=\"external\"><\/p>\n<h5 class=\"brz-wp-title-content\" style=\"min-height:20px\">Trojan Horse: The Fall of Troy<\/h5>\n<p><\/a><\/div>\n<\/div>\n<div id=\"\" class=\"brz-css-d-wrapper brz-css-1j5lxn5 brz-wrapper\">\n<div class=\"brz-line brz-line-default brz-css-d-line brz-css-1c1izf2\" data-brz-custom-id=\"mVE3i_xUcpEW\">\n<hr class=\"brz-hr\"><\/div>\n<\/div>\n<div id=\"\" class=\"brz-css-d-wrapper brz-css-4jpu9r brz-wrapper\">\n<div class=\"brz-wp-post-excerpt brz-css-d-wppostexcerpt brz-css-r-wppostexcerpt brz-css-1ay25ih\" data-brz-custom-id=\"nud6rneVq1xf\">\n<p class=\"brz-wp-post-excerpt-content\" style=\"min-height:20px\">Mnoge legende govore o Trojanskom ratu i slobodi koju su drevni bogovi sebi dozvolili da bi uticali na njegov tok. Mno\u0161tvo bo\u017eanstava je zna\u010dajno uticalo na ishod sukoba Trojanaca i Grka. \u010cak je i sama sudbina bila bitan glumac u predstavi, javljaju\u0107i se u obliku razli\u010ditih proro\u010danstava. Jedno od njih je predvidelo da c\u0301e rat trajati deset godina i da c\u0301e Grci iz njega izac\u0301i kao pobednici. Me\u0111utim, sve do samog kraja, ovaj ishod se \u010dinio nemogu\u0107im. Uprkos proro\u010danstvu o njihovom porazu, trojanski vojnici su se hrabro borili godinama, razbijajuc\u0301i svaki plan koji bi gr\u010dka vojska smislila da uni\u0161ti grad.&hellip;<\/p>\n<\/div>\n<\/div>\n<div class=\"brz-wrapper-clone brz-flex-xs-wrap brz-css-d-cloneable brz-css-1hb9psp\" data-brz-custom-id=\"bvLo1Yy1Ie9z\"><a class=\"brz-a brz-btn brz-css-d-button brz-css-zkyroh brz-css-d-button-bg brz-css-r-button-bg brz-css-420mmm\" target=\"_self\" rel=\"noopener\" href=\"https:\/\/legatuslife.com\/en\/trojanski-konj-pad-troje\/\" data-brz-link-type=\"external\" data-brz-custom-id=\"zT2qlstRL4Qk\"><span data-brz-translate-text=\"1\" class=\"brz-span brz-text__editor\">More details<\/span><\/a><\/div>\n<\/div>\n<\/div>\n<\/div>\n<\/div>\n<\/div>\n<\/div>\n<\/div>\n<\/div>\n<div class=\"brz-posts__item\">\n<div class=\"brz-columns brz-css-d-column-column brz-css-r-column-column brz-css-1852l7d\" data-brz-custom-id=\"sRluiU6ffr8t\">\n<div class=\"brz-hover-animation__container\" data-brz-hover-animationid=\"sRluiU6ffr8t\" data-brz-hover-options=\"%7B%22fill%22:%22forwards%22,%22easing%22:%22ease%22,%22duration%22:600,%22iterations%22:1%7D\" data-brz-hover-reversible=\"true\" data-brz-hover-target=\"%22parent%22\" data-brz-hover-animation=\"%5B%7B%22WebkitTransform%22:%22translateY(-0px)%22,%22transform%22:%22translateY(-0px)%22,%22offset%22:0%7D,%7B%22WebkitTransform%22:%22translateY(-8px)%22,%22transform%22:%22translateY(-8px)%22,%22offset%22:1%7D%5D\">\n<div class=\"brz-column__items brz-css-d-column-bg brz-css-du6571\">\n<div id=\"\" class=\"brz-css-d-wrapper brz-css-r-wrapper brz-css-16c4m17 brz-wrapper\">\n<div class=\"brz-spacer brz-css-d-spacer brz-css-1fe7y2r\"><\/div>\n<\/div>\n<div class=\"brz-row__container brz-css-d-row-row brz-css-w8mumc\" data-brz-custom-id=\"t_BYMTdCiff4\">\n<div class=\"brz-row brz-css-d-row-container brz-css-blf4nd\">\n<div class=\"brz-columns brz-css-d-column-column brz-css-mlvr4z\" data-brz-custom-id=\"nQ2AmziigXsQ\">\n<div class=\"brz-column__items brz-css-d-column-bg brz-css-24yza\">\n<div id=\"\" class=\"brz-css-d-wrapper brz-css-45818q brz-wrapper\">\n<div class=\"brz-image brz-css-d-image-ofpincp6zc0j-parent brz-css-1wrwopa\" data-brz-custom-id=\"oFpIncP6ZC0j\"><a class=\"brz-a\" target=\"_self\" rel=\"noopener\" href=\"https:\/\/legatuslife.com\/en\/bitka-kod-termopila-300-spartanaca\/\" data-brz-link-type=\"external\"><img decoding=\"async\" class=\"brz-img\" src=\"https:\/\/legatuslife.com\/wp-content\/uploads\/brizy\/imgs\/ChatGPT-Image-Mar-19-2026-12_35_47-AM-661x440x0x22x661x396x1773876983.png\" loading=\"lazy\" alt=\"\" title=\"ChatGPT Image Mar 19, 2026, 12_35_47 AM\"><\/a><\/div>\n<\/div>\n<\/div>\n<\/div>\n<div data-brz-iteration-count=\"1\" class=\"brz-columns brz-css-d-column-column brz-css-tj6ali brz-animated brz-css-d-column-animation-brz-reveal-right-1000-1000-false brz-css-8h857d\" data-brz-custom-id=\"cwVV1tavoFVo\">\n<div class=\"brz-column__items brz-css-d-column-bg brz-css-1twxcip\">\n<div id=\"\" class=\"brz-css-d-wrapper brz-css-11mddhb brz-wrapper\">\n<div class=\"brz-wp-title brz-css-d-wppoststitle brz-css-r-wppoststitle brz-css-64hsbu\" data-brz-custom-id=\"jFmTOXSocIQG\"><a class=\"brz-a\" target=\"_self\" rel=\"noopener\" href=\"https:\/\/legatuslife.com\/en\/bitka-kod-termopila-300-spartanaca\/\" data-brz-link-type=\"external\"><\/p>\n<h5 class=\"brz-wp-title-content\" style=\"min-height:20px\">Battle of Thermopylae: 300 Spartans<\/h5>\n<p><\/a><\/div>\n<\/div>\n<div id=\"\" class=\"brz-css-d-wrapper brz-css-1j5lxn5 brz-wrapper\">\n<div class=\"brz-line brz-line-default brz-css-d-line brz-css-1c1izf2\" data-brz-custom-id=\"mVE3i_xUcpEW\">\n<hr class=\"brz-hr\"><\/div>\n<\/div>\n<div id=\"\" class=\"brz-css-d-wrapper brz-css-4jpu9r brz-wrapper\">\n<div class=\"brz-wp-post-excerpt brz-css-d-wppostexcerpt brz-css-r-wppostexcerpt brz-css-1ay25ih\" data-brz-custom-id=\"nud6rneVq1xf\">\n<p class=\"brz-wp-post-excerpt-content\" style=\"min-height:20px\">Na dan kada ova pri\u010da po\u010dinje, Gr\u010dka je trpela napade Persije vi\u0161e od jedne decenije. U tom vremenskom periodu, tok bitke se menjao vi\u0161e puta, a persijski kralj Darije Veliki je preminuo, ostavljajuc\u0301i svoju misiju sinu Kserksu da je sprovede. Sada, 480. godine pre nove ere, verovatno najvec\u0301a persijska vojska sa kojom su se Grci ikada suo\u010dili brzo je napredovala kroz njihovu zemlju, osvajajuc\u0301i grad za gradom. Me\u0111utim, ba\u0161 kada se \u010dinilo da da im ni\u0161ta ne mo\u017ee stati na put, persijski vojnici su nai\u0161li na uski prolaz Termopila, a u njegovoj utrobi videli su gr\u010dku vojsku spremnu za borbu.&hellip;<\/p>\n<\/div>\n<\/div>\n<div class=\"brz-wrapper-clone brz-flex-xs-wrap brz-css-d-cloneable brz-css-1hb9psp\" data-brz-custom-id=\"bvLo1Yy1Ie9z\"><a class=\"brz-a brz-btn brz-css-d-button brz-css-zkyroh brz-css-d-button-bg brz-css-r-button-bg brz-css-420mmm\" target=\"_self\" rel=\"noopener\" href=\"https:\/\/legatuslife.com\/en\/bitka-kod-termopila-300-spartanaca\/\" data-brz-link-type=\"external\" data-brz-custom-id=\"zT2qlstRL4Qk\"><span data-brz-translate-text=\"1\" class=\"brz-span brz-text__editor\">More details<\/span><\/a><\/div>\n<\/div>\n<\/div>\n<\/div>\n<\/div>\n<\/div>\n<\/div>\n<\/div>\n<\/div>\n<div class=\"brz-posts__item\">\n<div class=\"brz-columns brz-css-d-column-column brz-css-r-column-column brz-css-1852l7d\" data-brz-custom-id=\"sRluiU6ffr8t\">\n<div class=\"brz-hover-animation__container\" data-brz-hover-animationid=\"sRluiU6ffr8t\" data-brz-hover-options=\"%7B%22fill%22:%22forwards%22,%22easing%22:%22ease%22,%22duration%22:600,%22iterations%22:1%7D\" data-brz-hover-reversible=\"true\" data-brz-hover-target=\"%22parent%22\" data-brz-hover-animation=\"%5B%7B%22WebkitTransform%22:%22translateY(-0px)%22,%22transform%22:%22translateY(-0px)%22,%22offset%22:0%7D,%7B%22WebkitTransform%22:%22translateY(-8px)%22,%22transform%22:%22translateY(-8px)%22,%22offset%22:1%7D%5D\">\n<div class=\"brz-column__items brz-css-d-column-bg brz-css-du6571\">\n<div id=\"\" class=\"brz-css-d-wrapper brz-css-r-wrapper brz-css-16c4m17 brz-wrapper\">\n<div class=\"brz-spacer brz-css-d-spacer brz-css-1fe7y2r\"><\/div>\n<\/div>\n<div class=\"brz-row__container brz-css-d-row-row brz-css-w8mumc\" data-brz-custom-id=\"t_BYMTdCiff4\">\n<div class=\"brz-row brz-css-d-row-container brz-css-blf4nd\">\n<div class=\"brz-columns brz-css-d-column-column brz-css-mlvr4z\" data-brz-custom-id=\"nQ2AmziigXsQ\">\n<div class=\"brz-column__items brz-css-d-column-bg brz-css-24yza\">\n<div id=\"\" class=\"brz-css-d-wrapper brz-css-45818q brz-wrapper\">\n<div class=\"brz-image brz-css-d-image-ofpincp6zc0j-parent brz-css-1wrwopa\" data-brz-custom-id=\"oFpIncP6ZC0j\"><a class=\"brz-a\" target=\"_self\" rel=\"noopener\" href=\"https:\/\/legatuslife.com\/en\/romul-i-rem-osnivanje-rima\/\" data-brz-link-type=\"external\"><img decoding=\"async\" class=\"brz-img\" src=\"https:\/\/legatuslife.com\/wp-content\/uploads\/brizy\/imgs\/ChatGPT-Image-Mar-19-2026-12_36_59-AM-661x440x0x22x661x396x1773877047.png\" loading=\"lazy\" alt=\"\" title=\"ChatGPT Image Mar 19, 2026, 12_36_59 AM\"><\/a><\/div>\n<\/div>\n<\/div>\n<\/div>\n<div data-brz-iteration-count=\"1\" class=\"brz-columns brz-css-d-column-column brz-css-tj6ali brz-animated brz-css-d-column-animation-brz-reveal-right-1000-1000-false brz-css-8h857d\" data-brz-custom-id=\"cwVV1tavoFVo\">\n<div class=\"brz-column__items brz-css-d-column-bg brz-css-1twxcip\">\n<div id=\"\" class=\"brz-css-d-wrapper brz-css-11mddhb brz-wrapper\">\n<div class=\"brz-wp-title brz-css-d-wppoststitle brz-css-r-wppoststitle brz-css-64hsbu\" data-brz-custom-id=\"jFmTOXSocIQG\"><a class=\"brz-a\" target=\"_self\" rel=\"noopener\" href=\"https:\/\/legatuslife.com\/en\/romul-i-rem-osnivanje-rima\/\" data-brz-link-type=\"external\"><\/p>\n<h5 class=\"brz-wp-title-content\" style=\"min-height:20px\">Romulus and Remus: The Founding of Rome<\/h5>\n<p><\/a><\/div>\n<\/div>\n<div id=\"\" class=\"brz-css-d-wrapper brz-css-1j5lxn5 brz-wrapper\">\n<div class=\"brz-line brz-line-default brz-css-d-line brz-css-1c1izf2\" data-brz-custom-id=\"mVE3i_xUcpEW\">\n<hr class=\"brz-hr\"><\/div>\n<\/div>\n<div id=\"\" class=\"brz-css-d-wrapper brz-css-4jpu9r brz-wrapper\">\n<div class=\"brz-wp-post-excerpt brz-css-d-wppostexcerpt brz-css-r-wppostexcerpt brz-css-1ay25ih\" data-brz-custom-id=\"nud6rneVq1xf\">\n<p class=\"brz-wp-post-excerpt-content\" style=\"min-height:20px\">Pri\u010da o Rimu ne po\u010dinje sjajnim snom, vec\u0301 jednom nepravdom. U gradu Alba Longa, kralja Numitora je uzurpirao njegov brat Amulije, nasilno preuzimaju\u0107i vlast, Amulije je odlu\u010dio da kuje svoju vladavinu strahom i da bi osigurao presto, eliminisao je svakog mogu\u0107eg naslednika. Numitorovi sinovi su ubijeni, a njegova \u0107erka Reja Silvija je bila primorana na na\u010din \u017eivota koji bi je spre\u010dio da ima decu. Uprkos tome, uspela je da rodi sinove blizance: Romula i Rema. Amulije je naredio da se bebe ubiju, ali umesto da ih pogube, njegove sluge su stavile blizance u korpu i pustile ih da lutaju rekom&hellip;<\/p>\n<\/div>\n<\/div>\n<div class=\"brz-wrapper-clone brz-flex-xs-wrap brz-css-d-cloneable brz-css-1hb9psp\" data-brz-custom-id=\"bvLo1Yy1Ie9z\"><a class=\"brz-a brz-btn brz-css-d-button brz-css-zkyroh brz-css-d-button-bg brz-css-r-button-bg brz-css-420mmm\" target=\"_self\" rel=\"noopener\" href=\"https:\/\/legatuslife.com\/en\/romul-i-rem-osnivanje-rima\/\" data-brz-link-type=\"external\" data-brz-custom-id=\"zT2qlstRL4Qk\"><span data-brz-translate-text=\"1\" class=\"brz-span brz-text__editor\">More details<\/span><\/a><\/div>\n<\/div>\n<\/div>\n<\/div>\n<\/div>\n<\/div>\n<\/div>\n<\/div>\n<\/div>\n<\/div>\n<div class=\"brz-posts__pagination\"><\/div>\n<\/div>\n<\/div>\n<\/div>\n<\/div>\n<\/section><\/div>\n<p><!-- version:1774389803 --><\/p>","protected":false},"excerpt":{"rendered":"<p>Legatus journal Saveti o mu\u0161kom stilu, inspiracija iz rimskog nasle\u0111a i pri\u010de o kvalitetu, disciplini i bezvremenskoj eleganciji. Otkrijte kako jednostavni detalji mogu izgraditi stil koji traje godinama. Trojanski konj: Pad Troje Mnoge legende govore o Trojanskom ratu i slobodi koju su drevni bogovi sebi dozvolili da bi uticali na njegov tok. Mno\u0161tvo bo\u017eanstava je&hellip; <a class=\"more-link\" href=\"https:\/\/legatuslife.com\/en\/blog\/\">Continue reading <span class=\"screen-reader-text\">Blog<\/span><\/a><\/p>","protected":false},"author":2,"featured_media":0,"parent":0,"menu_order":0,"comment_status":"closed","ping_status":"closed","template":"brizy-blank-template.php","meta":{"footnotes":""},"class_list":["post-82","page","type-page","status-publish","hentry","entry"],"brizy_media":[],"_links":{"self":[{"href":"https:\/\/legatuslife.com\/en\/wp-json\/wp\/v2\/pages\/82","targetHints":{"allow":["GET"]}}],"collection":[{"href":"https:\/\/legatuslife.com\/en\/wp-json\/wp\/v2\/pages"}],"about":[{"href":"https:\/\/legatuslife.com\/en\/wp-json\/wp\/v2\/types\/page"}],"author":[{"embeddable":true,"href":"https:\/\/legatuslife.com\/en\/wp-json\/wp\/v2\/users\/2"}],"replies":[{"embeddable":true,"href":"https:\/\/legatuslife.com\/en\/wp-json\/wp\/v2\/comments?post=82"}],"version-history":[{"count":25,"href":"https:\/\/legatuslife.com\/en\/wp-json\/wp\/v2\/pages\/82\/revisions"}],"predecessor-version":[{"id":1112,"href":"https:\/\/legatuslife.com\/en\/wp-json\/wp\/v2\/pages\/82\/revisions\/1112"}],"wp:attachment":[{"href":"https:\/\/legatuslife.com\/en\/wp-json\/wp\/v2\/media?parent=82"}],"curies":[{"name":"wp","href":"https:\/\/api.w.org\/{rel}","templated":true}]}}