{"id":84,"date":"2026-03-13T23:42:40","date_gmt":"2026-03-13T23:42:40","guid":{"rendered":"https:\/\/legatuslife.com\/?page_id=84"},"modified":"2026-04-17T23:20:56","modified_gmt":"2026-04-17T22:20:56","slug":"kontakt","status":"publish","type":"page","link":"https:\/\/legatuslife.com\/en\/kontakt\/","title":{"rendered":"Contact"},"content":{"rendered":"<div class=\"brz brz-root__container brz-reset-all brz-root__container-page\" >\n<section id=\"vNb6RefLNghm_vNb6RefLNghm\" class=\"brz-section brz-css-d-section brz-css-ibjoza\">\n<div class=\"brz-section__content brz-section--fullWidth brz-css-d-sectionitem-bg brz-css-inohca\" data-brz-custom-id=\"eMPyKPZAupok\">\n<div class=\"brz-bg\">\n<div class=\"brz-bg-color\"><\/div>\n<\/div>\n<div class=\"brz-container brz-css-d-sectionitem-container brz-css-1ilum9e\">\n<div class=\"brz-row__container brz-css-d-row-row brz-css-9cxbm5\" data-brz-custom-id=\"lxcxlrcpGz9e\">\n<div class=\"brz-row brz-css-d-row-container brz-css-r-row-container brz-css-1fyc7a4\">\n<div class=\"brz-columns brz-css-d-column-column brz-css-g1hhxq\" data-brz-custom-id=\"xUK24VDXkX30\">\n<div class=\"brz-column__items brz-css-d-column-bg brz-css-16hndv6\">\n<div id=\"\" class=\"brz-css-d-wrapper brz-css-r-wrapper brz-css-1e1feeb brz-wrapper\">\n<div class=\"brz-spacer brz-css-d-spacer brz-css-2c9smq\"><\/div>\n<\/div>\n<div id=\"\" class=\"brz-css-d-wrapper brz-css-1iqf4qp brz-wrapper\">\n<div class=\"brz-rich-text brz-rich-text__custom brz-css-d-richtext brz-css-i9s2z6\" data-brz-custom-id=\"x2kF9BYFv4zq\">\n<div data-brz-translate-text=\"1\">\n<h2 class=\"brz-text-lg-center brz-tp-lg-heading2 brz-text-xs-center brz-css-qF9Mk\" data-generated-css=\"brz-css-nODoS\" data-uniq-id=\"tcYSa\"><span style=\"color: rgba(var(--brz-global-color3),1);\" class=\"brz-cp-color3\">Kontakt informacije<\/span><\/h2>\n<\/div>\n<\/div>\n<\/div>\n<div id=\"\" class=\"brz-css-d-wrapper brz-css-r-wrapper brz-css-1h53mhf brz-wrapper\">\n<div class=\"brz-spacer brz-css-d-spacer brz-css-gmz8lb\"><\/div>\n<\/div>\n<div id=\"\" class=\"brz-css-d-wrapper brz-css-kczs5r brz-wrapper\">\n<div class=\"brz-rich-text brz-rich-text__custom brz-css-d-richtext brz-css-67tk9d\" data-brz-custom-id=\"bbgyeip5Zgdi\">\n<div data-brz-translate-text=\"1\">\n<p class=\"brz-tp-lg-paragraph brz-text-lg-center brz-css-pWYnJ\" data-generated-css=\"brz-css-dpII4\" data-uniq-id=\"wwVJZ\"><span class=\"brz-cp-color8\" style=\"color: rgba(var(--brz-global-color8),1);\">Tu smo za sva Va\u0161a pitanja svakog radnog dana<\/span><\/p>\n<\/div>\n<\/div>\n<\/div>\n<div id=\"\" class=\"brz-css-d-wrapper brz-css-1qv9zoy brz-wrapper\">\n<div class=\"brz-rich-text brz-rich-text__custom brz-css-d-richtext brz-css-hr2w23\" data-brz-custom-id=\"qdne9B0Rpzts\">\n<div data-brz-translate-text=\"1\">\n<p class=\"brz-text-lg-center brz-tp-lg-paragraph brz-css-kglZ_\" data-uniq-id=\"xFjrz\" data-generated-css=\"brz-css-k6OTi\"><span class=\"brz-cp-color8\" style=\"color: rgba(var(--brz-global-color8),1);\">Mo\u017eete nas kontaktirati na mejl&nbsp;<\/span><strong class=\"brz-cp-color8\" style=\"color: rgba(var(--brz-global-color8),1);\">customer@legatuslife.com&nbsp;<\/strong><span class=\"brz-cp-color8\" style=\"color: rgba(var(--brz-global-color8),1);\">ili popunjavanjem kontakt forme ispod<\/span><\/p>\n<\/div>\n<\/div>\n<\/div>\n<div id=\"\" class=\"brz-css-d-wrapper brz-css-r-wrapper brz-css-17qsxh4 brz-wrapper\">\n<div class=\"brz-spacer brz-css-d-spacer brz-css-19kxez9\"><\/div>\n<\/div>\n<div class=\"brz-row__container brz-css-d-row-row brz-css-15a21mw\" data-brz-custom-id=\"fKys4GqXXAEV\">\n<div class=\"brz-row brz-row--inner brz-css-d-row-container brz-css-tu4jee\">\n<div class=\"brz-columns brz-css-d-column-column brz-css-q1g5kw\" data-brz-custom-id=\"cgxFYoeBdRhx\">\n<div class=\"brz-column__items brz-css-d-column-bg brz-css-1qr7s32\"><\/div>\n<\/div>\n<div class=\"brz-columns brz-css-d-column-column brz-css-zjv5ef\" data-brz-custom-id=\"gENzf140ftkc\">\n<div class=\"brz-column__items brz-css-d-column-bg brz-css-1jrvijc\">\n<div id=\"\" class=\"brz-css-d-wrapper brz-css-1aehta7 brz-wrapper\">\n<div data-brz-form-version=\"2\" class=\"brz-forms2 brz-css-d-form2-form brz-css-1cioyfo\" data-brz-custom-id=\"tJ3bZBIryiJv\">\n<form class=\"brz-form brz-d-xs-flex brz-flex-xs-wrap\" novalidate=\"\" action=\"https:\/\/legatuslife.com\/wp-admin\/admin-ajax.php?nonce=782b33428c&amp;action=brizy_submit_form\" data-brz-form-id=\"tJ3bZBIryiJv\" data-brz-project-id=\"896ea612b116d8178ef9f2af8974d678\" data-brz-success=\"Your email was sent successfully\" data-brz-error=\"Your email was not sent\" data-brz-redirect=\"\" data-brz-empty=\"Please fill in the required fields\" data-brz-form-type=\"default\" data-brz-translatable-default-success=\"Your email was sent successfully\" data-brz-translatable-default-error=\"Your email was not sent\" data-brz-translatable-default-empty=\"Please fill in the required fields\" data-brz-translatable-default-invalid=\"Please check your entry and try again\" data-brz-translatable-default-invalid-email=\"Please enter a valid email address (e.g., name@example.com)\">\n<div data-brz-translate-text=\"1\" class=\"brz-forms2__item brz-css-d-form2fields-fields brz-css-h6dmrc brz-css-d-form2field-field brz-css-i44j5x\"><input type=\"text\" id=\"iUwypclbEEWv_f5f80aff6b1f02aff16d\" name=\"nRcIgNdH_TAx\" placeholder=\"Va\u0161e ime i prezime\" required=\"\" data-brz-type=\"Text\" data-brz-label=\"Va\u0161e ime i prezime\" data-brz-placeholder=\"Va\u0161e ime i prezime\" class=\"brz-input brz-forms2__field brz-forms2__field-text\" value=\"\"><\/div>\n<div data-brz-translate-text=\"1\" class=\"brz-forms2__item brz-css-d-form2fields-fields brz-css-h6dmrc brz-css-d-form2field-field brz-css-1pm63wa\"><input type=\"email\" id=\"oDxqvETnXo8A_5c792ac8afd9651b6eeb\" name=\"bqXy2VOBkO1r\" placeholder=\"Va\u0161a email adresa\" required=\"\" pattern=\"%5E((%5B%5E%3C%3E%5C(%5C)%5C%5B%5C%5D%5C%5C.,;:%5Cs@%22%5D+(%5C.%5B%5E%3C%3E%5C(%5C)%5C%5B%5C%5D%5C%5C.,;:%5Cs@%22%5D+)*)%7C(%22.+%22))@((%5C%5B%5B0-9%5D%7B1,3%7D%5C.%5B0-9%5D%7B1,3%7D%5C.%5B0-9%5D%7B1,3%7D%5C.%5B0-9%5D%7B1,3%7D%5C%5D)%7C((%5Ba-zA-Z%5C-0-9%5D+%5C.)+%5Ba-zA-Z%5D%7B2,%7D))$\" data-brz-type=\"Email\" data-brz-label=\"Va\u0161a email adresa\" data-brz-placeholder=\"Va\u0161a email adresa\" maxlength=\"255\" class=\"brz-input brz-forms2__field brz-forms2__field-email\" value=\"\"><\/div>\n<div data-brz-translate-text=\"1\" class=\"brz-forms2__item brz-css-d-form2fields-fields brz-css-h6dmrc brz-css-d-form2field-field brz-css-1oxhaw5\"><textarea id=\"xSQOXtjvUU8M_99afbc369ab60db21a57\" name=\"ufuHICO3pbTI\" placeholder=\"Va\u0161a poruka\" data-brz-type=\"Paragraph\" data-brz-label=\"Va\u0161a poruka\" data-brz-placeholder=\"Va\u0161a poruka\" class=\"brz-textarea brz-forms2__field brz-forms2__field-paragraph\"><\/textarea><\/div>\n<div class=\"brz-forms2 brz-forms2__item brz-forms2__item-button\" data-brz-custom-id=\"tJ3bZBIryiJv\"><button class=\"brz-btn brz-btn-submit brz-css-d-button-bg brz-css-19cjaa7\" data-brz-custom-id=\"ktYpiZL42zcE\"><svg class=\"brz-icon-svg align-[initial] brz-css-d-button-icon brz-css-1j9lzg3\"><use href=\"\/wp-content\/plugins\/brizy\/public\/editor-build\/prod\/editor\/icons\/glyph\/tail-triangle-right.svg#nc_icon\"><\/use><\/svg><span data-brz-translate-text=\"1\" class=\"brz-span brz-text__editor\">Po\u0161aljite poruku<\/span><\/button><svg class=\"brz-icon-svg align-[initial] brz-form-spinner brz-invisible brz-ed-animated--spin\"><use href=\"\/wp-content\/plugins\/brizy\/public\/editor-build\/prod\/editor\/icons\/glyph\/circle-02.svg#nc_icon\"><\/use><\/svg><\/div>\n<div class=\"brz-forms2__messages brz-css-d-form2-messages\"><\/div>\n<div class=\"brz-g-recaptcha\" data-sitekey=\"\" data-size=\"invisible\" data-callback=\"brzFormV2Captcha\"><\/div>\n<\/form>\n<\/div>\n<\/div>\n<\/div>\n<\/div>\n<div class=\"brz-columns brz-css-d-column-column brz-css-o72ylw\" data-brz-custom-id=\"d2uuOR7jvfjB\">\n<div class=\"brz-column__items brz-css-d-column-bg brz-css-xb62ab\"><\/div>\n<\/div>\n<\/div>\n<\/div>\n<div id=\"\" class=\"brz-css-d-wrapper brz-css-r-wrapper brz-css-iwuybe brz-wrapper\">\n<div class=\"brz-spacer brz-css-d-spacer brz-css-b0sors\"><\/div>\n<\/div>\n<\/div>\n<\/div>\n<\/div>\n<\/div>\n<\/div>\n<\/div>\n<\/section><\/div>\n<p><!-- version:1774738066 --><\/p>\n","protected":false},"excerpt":{"rendered":"<p>Kontakt informacije Tu smo za sva Va\u0161a pitanja svakog radnog dana Mo\u017eete nas kontaktirati na mejl&nbsp;customer@legatuslife.com&nbsp;ili popunjavanjem kontakt forme ispod Po\u0161aljite poruku<\/p>","protected":false},"author":2,"featured_media":0,"parent":0,"menu_order":0,"comment_status":"closed","ping_status":"closed","template":"brizy-blank-template.php","meta":{"footnotes":""},"class_list":["post-84","page","type-page","status-publish","hentry","entry"],"brizy_media":[],"_links":{"self":[{"href":"https:\/\/legatuslife.com\/en\/wp-json\/wp\/v2\/pages\/84","targetHints":{"allow":["GET"]}}],"collection":[{"href":"https:\/\/legatuslife.com\/en\/wp-json\/wp\/v2\/pages"}],"about":[{"href":"https:\/\/legatuslife.com\/en\/wp-json\/wp\/v2\/types\/page"}],"author":[{"embeddable":true,"href":"https:\/\/legatuslife.com\/en\/wp-json\/wp\/v2\/users\/2"}],"replies":[{"embeddable":true,"href":"https:\/\/legatuslife.com\/en\/wp-json\/wp\/v2\/comments?post=84"}],"version-history":[{"count":30,"href":"https:\/\/legatuslife.com\/en\/wp-json\/wp\/v2\/pages\/84\/revisions"}],"predecessor-version":[{"id":1230,"href":"https:\/\/legatuslife.com\/en\/wp-json\/wp\/v2\/pages\/84\/revisions\/1230"}],"wp:attachment":[{"href":"https:\/\/legatuslife.com\/en\/wp-json\/wp\/v2\/media?parent=84"}],"curies":[{"name":"wp","href":"https:\/\/api.w.org\/{rel}","templated":true}]}}