{"id":954,"date":"2026-03-23T00:40:55","date_gmt":"2026-03-22T23:40:55","guid":{"rendered":"https:\/\/legatuslife.com\/?page_id=954"},"modified":"2026-04-17T23:15:04","modified_gmt":"2026-04-17T22:15:04","slug":"kolekcija-trojanski-konj","status":"publish","type":"page","link":"https:\/\/legatuslife.com\/en\/kolekcija-trojanski-konj\/","title":{"rendered":"Trojan Horse Collection"},"content":{"rendered":"<div class=\"brz brz-root__container brz-reset-all brz-root__container-page\">\n<section id=\"tXcjWZNZLC35_tXcjWZNZLC35\" class=\"brz-section brz-css-d-section brz-css-18q7pj7\">\n<div class=\"brz-section__content brz-section--fullWidth brz-css-d-sectionitem-bg brz-css-y2p3s0\" data-brz-custom-id=\"zCxLXnR0LOQo\">\n<div class=\"brz-container brz-css-d-sectionitem-container brz-css-lnl4yc\">\n<div id=\"\" class=\"brz-css-d-wrapper brz-css-iobwxw brz-wrapper\">\n<div class=\"brz-rich-text brz-rich-text__custom brz-css-d-richtext brz-css-1cvv0lz\" data-brz-custom-id=\"hYWfpt64N12z\">\n<div data-brz-translate-text=\"1\">\n<h2 class=\"brz-text-lg-center brz-tp-lg-heading2 brz-css-bB_6Y\" data-generated-css=\"brz-css-ykq1f\" data-uniq-id=\"ssKUG\">Trojan Horse Collection<\/h2>\n<\/div>\n<\/div>\n<\/div>\n<div id=\"\" class=\"brz-css-d-wrapper brz-css-11ahcyw brz-wrapper\">\n<div class=\"brz-rich-text brz-rich-text__custom brz-css-d-richtext brz-css-16jtiqd\" data-brz-custom-id=\"ruSfoj0gwAq_\">\n<div data-brz-translate-text=\"1\">\n<p class=\"brz-tp-lg-paragraph brz-text-lg-center brz-css-hGiyx\" data-generated-css=\"brz-css-lyyL1\" data-uniq-id=\"g2W_h\"><span class=\"brz-cp-color2\">Explore products that combine quality, functionality and timeless design.<\/span><\/p>\n<\/div>\n<\/div>\n<\/div>\n<div id=\"\" class=\"brz-css-d-wrapper brz-css-r-wrapper brz-css-1mxa9hn brz-wrapper\">\n<div class=\"brz-spacer brz-css-d-spacer brz-css-1me2os9\"><\/div>\n<\/div>\n<div id=\"\" class=\"brz-css-d-wrapper brz-css-r-wrapper brz-css-1p3gnlh brz-wrapper\">\n<div class=\"brz-posts brz-css-d-posts brz-css-15ljx7y\" data-brz-custom-id=\"yq6rH_lpLvar\">\n<div class=\"brz-posts__wrapper\">\n<div class=\"brz-posts__item\">\n<div class=\"brz-columns brz-css-d-column-column brz-css-r-column-column brz-css-ull209\" data-brz-custom-id=\"h6SnattSMA38\">\n<div class=\"brz-hover-animation__container\" data-brz-hover-animationid=\"h6SnattSMA38\" data-brz-hover-options=\"%7B%22fill%22:%22forwards%22,%22easing%22:%22ease%22,%22duration%22:600,%22iterations%22:1%7D\" data-brz-hover-reversible=\"true\" data-brz-hover-target=\"%22parent%22\" data-brz-hover-animation=\"%5B%7B%22WebkitTransform%22:%22translateY(-0px)%22,%22transform%22:%22translateY(-0px)%22,%22offset%22:0%7D,%7B%22WebkitTransform%22:%22translateY(-8px)%22,%22transform%22:%22translateY(-8px)%22,%22offset%22:1%7D%5D\">\n<div class=\"brz-bg\">\n<div class=\"brz-bg-color\"><\/div>\n<\/div>\n<div class=\"brz-column__items brz-css-d-column-bg brz-css-vf5gkm\">\n<div id=\"\" class=\"brz-css-d-wrapper brz-css-10uhlw2 brz-wrapper\">\n<div class=\"brz-image brz-css-d-image-ltl1fjyoxz7u-parent brz-css-1q6hogi\" data-brz-custom-id=\"ltL1FJyOXz7U\"><a class=\"brz-a\" target=\"_self\" rel=\"noopener\" href=\"https:\/\/legatuslife.com\/en\/product\/trojanska-zelena\/\" data-brz-link-type=\"external\"><img decoding=\"async\" class=\"brz-img\" src=\"https:\/\/legatuslife.com\/wp-content\/uploads\/brizy\/imgs\/JEL01154-scaled-430x644x0x80x430x484x1774220895.jpg\" loading=\"lazy\" alt=\"\" title=\"JEL01154\"><\/a><\/div>\n<\/div>\n<div id=\"\" class=\"brz-css-d-wrapper brz-css-11f8ssy brz-wrapper\">\n<div class=\"brz-wp-title brz-css-d-wppoststitle brz-css-r-wppoststitle brz-css-44kzf1\" data-brz-custom-id=\"sjTTDLmz6_bO\"><a class=\"brz-a\" target=\"_self\" rel=\"noopener\" href=\"https:\/\/legatuslife.com\/en\/product\/trojanska-zelena\/\" data-brz-link-type=\"external\"><\/p>\n<p class=\"brz-wp-title-content\" style=\"min-height:20px\">Trojan green<\/p>\n<p><\/a><\/div>\n<\/div>\n<div class=\"brz-row__container brz-css-d-row-row brz-css-1j5fgpz\" data-brz-custom-id=\"jPSiM9j7mB07\">\n<div class=\"brz-row brz-css-d-row-container brz-css-473njr\">\n<div class=\"brz-columns brz-css-d-column-column brz-css-1v7f13o\" data-brz-custom-id=\"lVsowpsMLZRF\">\n<div class=\"brz-column__items brz-css-d-column-bg brz-css-kd7n61\">\n<div id=\"\" class=\"brz-css-d-wrapper brz-css-qk5oxf brz-wrapper\">\n<div class=\"brz-woo-price brz-css-d-wooprice brz-css-z8chcl\" data-brz-custom-id=\"jSYSE0b3koHn\">\n<div style=\"min-height:20px\">\n<p class=\"price\"><span class=\"woocommerce-Price-amount amount\">8,490.00<span class=\"woocommerce-Price-currencySymbol\">RSD<\/span><\/span><\/p>\n<\/div>\n<\/div>\n<\/div>\n<\/div>\n<\/div>\n<div class=\"brz-columns brz-css-d-column-column brz-css-1yq9t55\" data-brz-custom-id=\"aNdOts5bKbH0\">\n<div class=\"brz-column__items brz-css-d-column-bg brz-css-xtp04e\">\n<div class=\"brz-wrapper-clone brz-flex-xs-wrap brz-css-d-cloneable brz-css-15dwr5t\" data-brz-custom-id=\"lZ9gUaNTRHO9\"><a class=\"brz-a brz-btn brz-css-d-button brz-css-15sigs7 brz-css-d-button-bg brz-css-r-button-bg brz-css-4flkim\" target=\"_self\" rel=\"noopener\" href=\"https:\/\/legatuslife.com\/en\/product\/trojanska-zelena\/\" data-brz-link-type=\"external\" data-brz-custom-id=\"xOiAMmwIzSs5\"><span data-brz-translate-text=\"1\" class=\"brz-span brz-text__editor\">Order<\/span><\/a><\/div>\n<\/div>\n<\/div>\n<\/div>\n<\/div>\n<\/div>\n<\/div>\n<\/div>\n<\/div>\n<div class=\"brz-posts__item\">\n<div class=\"brz-columns brz-css-d-column-column brz-css-r-column-column brz-css-ull209\" data-brz-custom-id=\"h6SnattSMA38\">\n<div class=\"brz-hover-animation__container\" data-brz-hover-animationid=\"h6SnattSMA38\" data-brz-hover-options=\"%7B%22fill%22:%22forwards%22,%22easing%22:%22ease%22,%22duration%22:600,%22iterations%22:1%7D\" data-brz-hover-reversible=\"true\" data-brz-hover-target=\"%22parent%22\" data-brz-hover-animation=\"%5B%7B%22WebkitTransform%22:%22translateY(-0px)%22,%22transform%22:%22translateY(-0px)%22,%22offset%22:0%7D,%7B%22WebkitTransform%22:%22translateY(-8px)%22,%22transform%22:%22translateY(-8px)%22,%22offset%22:1%7D%5D\">\n<div class=\"brz-bg\">\n<div class=\"brz-bg-color\"><\/div>\n<\/div>\n<div class=\"brz-column__items brz-css-d-column-bg brz-css-vf5gkm\">\n<div id=\"\" class=\"brz-css-d-wrapper brz-css-10uhlw2 brz-wrapper\">\n<div class=\"brz-image brz-css-d-image-ltl1fjyoxz7u-parent brz-css-1q6hogi\" data-brz-custom-id=\"ltL1FJyOXz7U\"><a class=\"brz-a\" target=\"_self\" rel=\"noopener\" href=\"https:\/\/legatuslife.com\/en\/product\/trojanska-svetlo-plava\/\" data-brz-link-type=\"external\"><img decoding=\"async\" class=\"brz-img\" src=\"https:\/\/legatuslife.com\/wp-content\/uploads\/brizy\/imgs\/JEL01031-scaled-430x644x0x80x430x484x1774220595.jpg\" loading=\"lazy\" alt=\"\" title=\"JEL01031\"><\/a><\/div>\n<\/div>\n<div id=\"\" class=\"brz-css-d-wrapper brz-css-11f8ssy brz-wrapper\">\n<div class=\"brz-wp-title brz-css-d-wppoststitle brz-css-r-wppoststitle brz-css-44kzf1\" data-brz-custom-id=\"sjTTDLmz6_bO\"><a class=\"brz-a\" target=\"_self\" rel=\"noopener\" href=\"https:\/\/legatuslife.com\/en\/product\/trojanska-svetlo-plava\/\" data-brz-link-type=\"external\"><\/p>\n<p class=\"brz-wp-title-content\" style=\"min-height:20px\">Trojan light blue<\/p>\n<p><\/a><\/div>\n<\/div>\n<div class=\"brz-row__container brz-css-d-row-row brz-css-1j5fgpz\" data-brz-custom-id=\"jPSiM9j7mB07\">\n<div class=\"brz-row brz-css-d-row-container brz-css-473njr\">\n<div class=\"brz-columns brz-css-d-column-column brz-css-1v7f13o\" data-brz-custom-id=\"lVsowpsMLZRF\">\n<div class=\"brz-column__items brz-css-d-column-bg brz-css-kd7n61\">\n<div id=\"\" class=\"brz-css-d-wrapper brz-css-qk5oxf brz-wrapper\">\n<div class=\"brz-woo-price brz-css-d-wooprice brz-css-z8chcl\" data-brz-custom-id=\"jSYSE0b3koHn\">\n<div style=\"min-height:20px\">\n<p class=\"price\"><span class=\"woocommerce-Price-amount amount\">8,490.00<span class=\"woocommerce-Price-currencySymbol\">RSD<\/span><\/span><\/p>\n<\/div>\n<\/div>\n<\/div>\n<\/div>\n<\/div>\n<div class=\"brz-columns brz-css-d-column-column brz-css-1yq9t55\" data-brz-custom-id=\"aNdOts5bKbH0\">\n<div class=\"brz-column__items brz-css-d-column-bg brz-css-xtp04e\">\n<div class=\"brz-wrapper-clone brz-flex-xs-wrap brz-css-d-cloneable brz-css-15dwr5t\" data-brz-custom-id=\"lZ9gUaNTRHO9\"><a class=\"brz-a brz-btn brz-css-d-button brz-css-15sigs7 brz-css-d-button-bg brz-css-r-button-bg brz-css-4flkim\" target=\"_self\" rel=\"noopener\" href=\"https:\/\/legatuslife.com\/en\/product\/trojanska-svetlo-plava\/\" data-brz-link-type=\"external\" data-brz-custom-id=\"xOiAMmwIzSs5\"><span data-brz-translate-text=\"1\" class=\"brz-span brz-text__editor\">Order<\/span><\/a><\/div>\n<\/div>\n<\/div>\n<\/div>\n<\/div>\n<\/div>\n<\/div>\n<\/div>\n<\/div>\n<div class=\"brz-posts__item\">\n<div class=\"brz-columns brz-css-d-column-column brz-css-r-column-column brz-css-ull209\" data-brz-custom-id=\"h6SnattSMA38\">\n<div class=\"brz-hover-animation__container\" data-brz-hover-animationid=\"h6SnattSMA38\" data-brz-hover-options=\"%7B%22fill%22:%22forwards%22,%22easing%22:%22ease%22,%22duration%22:600,%22iterations%22:1%7D\" data-brz-hover-reversible=\"true\" data-brz-hover-target=\"%22parent%22\" data-brz-hover-animation=\"%5B%7B%22WebkitTransform%22:%22translateY(-0px)%22,%22transform%22:%22translateY(-0px)%22,%22offset%22:0%7D,%7B%22WebkitTransform%22:%22translateY(-8px)%22,%22transform%22:%22translateY(-8px)%22,%22offset%22:1%7D%5D\">\n<div class=\"brz-bg\">\n<div class=\"brz-bg-color\"><\/div>\n<\/div>\n<div class=\"brz-column__items brz-css-d-column-bg brz-css-vf5gkm\">\n<div id=\"\" class=\"brz-css-d-wrapper brz-css-10uhlw2 brz-wrapper\">\n<div class=\"brz-image brz-css-d-image-ltl1fjyoxz7u-parent brz-css-1q6hogi\" data-brz-custom-id=\"ltL1FJyOXz7U\"><a class=\"brz-a\" target=\"_self\" rel=\"noopener\" href=\"https:\/\/legatuslife.com\/en\/product\/trojanska-maslinasto-zelena\/\" data-brz-link-type=\"external\"><img decoding=\"async\" class=\"brz-img\" src=\"https:\/\/legatuslife.com\/wp-content\/uploads\/brizy\/imgs\/JEL01324-scaled-430x644x0x80x430x484x1774220179.jpg\" loading=\"lazy\" alt=\"\" title=\"JEL01324\"><\/a><\/div>\n<\/div>\n<div id=\"\" class=\"brz-css-d-wrapper brz-css-11f8ssy brz-wrapper\">\n<div class=\"brz-wp-title brz-css-d-wppoststitle brz-css-r-wppoststitle brz-css-44kzf1\" data-brz-custom-id=\"sjTTDLmz6_bO\"><a class=\"brz-a\" target=\"_self\" rel=\"noopener\" href=\"https:\/\/legatuslife.com\/en\/product\/trojanska-maslinasto-zelena\/\" data-brz-link-type=\"external\"><\/p>\n<p class=\"brz-wp-title-content\" style=\"min-height:20px\">Trojan olive green<\/p>\n<p><\/a><\/div>\n<\/div>\n<div class=\"brz-row__container brz-css-d-row-row brz-css-1j5fgpz\" data-brz-custom-id=\"jPSiM9j7mB07\">\n<div class=\"brz-row brz-css-d-row-container brz-css-473njr\">\n<div class=\"brz-columns brz-css-d-column-column brz-css-1v7f13o\" data-brz-custom-id=\"lVsowpsMLZRF\">\n<div class=\"brz-column__items brz-css-d-column-bg brz-css-kd7n61\">\n<div id=\"\" class=\"brz-css-d-wrapper brz-css-qk5oxf brz-wrapper\">\n<div class=\"brz-woo-price brz-css-d-wooprice brz-css-z8chcl\" data-brz-custom-id=\"jSYSE0b3koHn\">\n<div style=\"min-height:20px\">\n<p class=\"price\"><span class=\"woocommerce-Price-amount amount\">5,490.00<span class=\"woocommerce-Price-currencySymbol\">RSD<\/span><\/span><\/p>\n<\/div>\n<\/div>\n<\/div>\n<\/div>\n<\/div>\n<div class=\"brz-columns brz-css-d-column-column brz-css-1yq9t55\" data-brz-custom-id=\"aNdOts5bKbH0\">\n<div class=\"brz-column__items brz-css-d-column-bg brz-css-xtp04e\">\n<div class=\"brz-wrapper-clone brz-flex-xs-wrap brz-css-d-cloneable brz-css-15dwr5t\" data-brz-custom-id=\"lZ9gUaNTRHO9\"><a class=\"brz-a brz-btn brz-css-d-button brz-css-15sigs7 brz-css-d-button-bg brz-css-r-button-bg brz-css-4flkim\" target=\"_self\" rel=\"noopener\" href=\"https:\/\/legatuslife.com\/en\/product\/trojanska-maslinasto-zelena\/\" data-brz-link-type=\"external\" data-brz-custom-id=\"xOiAMmwIzSs5\"><span data-brz-translate-text=\"1\" class=\"brz-span brz-text__editor\">Order<\/span><\/a><\/div>\n<\/div>\n<\/div>\n<\/div>\n<\/div>\n<\/div>\n<\/div>\n<\/div>\n<\/div>\n<\/div>\n<\/div>\n<\/div>\n<\/div>\n<\/div>\n<\/section><\/div>\n<p><!-- version:1774222904 --><\/p>","protected":false},"excerpt":{"rendered":"<p>Kolekcija Trojanski konj Istra\u017eite proizvode koji spajaju kvalitet, funkcionalnost i bezvremenski dizajn. Trojanska zelena 8,490.00RSD Poru\u010dite Trojanska svetlo plava 8,490.00RSD Poru\u010dite Trojanska maslinasto zelena 5,490.00RSD Poru\u010dite<\/p>","protected":false},"author":2,"featured_media":0,"parent":0,"menu_order":0,"comment_status":"closed","ping_status":"closed","template":"brizy-blank-template.php","meta":{"footnotes":""},"class_list":["post-954","page","type-page","status-publish","hentry","entry"],"brizy_media":[],"_links":{"self":[{"href":"https:\/\/legatuslife.com\/en\/wp-json\/wp\/v2\/pages\/954","targetHints":{"allow":["GET"]}}],"collection":[{"href":"https:\/\/legatuslife.com\/en\/wp-json\/wp\/v2\/pages"}],"about":[{"href":"https:\/\/legatuslife.com\/en\/wp-json\/wp\/v2\/types\/page"}],"author":[{"embeddable":true,"href":"https:\/\/legatuslife.com\/en\/wp-json\/wp\/v2\/users\/2"}],"replies":[{"embeddable":true,"href":"https:\/\/legatuslife.com\/en\/wp-json\/wp\/v2\/comments?post=954"}],"version-history":[{"count":3,"href":"https:\/\/legatuslife.com\/en\/wp-json\/wp\/v2\/pages\/954\/revisions"}],"predecessor-version":[{"id":959,"href":"https:\/\/legatuslife.com\/en\/wp-json\/wp\/v2\/pages\/954\/revisions\/959"}],"wp:attachment":[{"href":"https:\/\/legatuslife.com\/en\/wp-json\/wp\/v2\/media?parent=954"}],"curies":[{"name":"wp","href":"https:\/\/api.w.org\/{rel}","templated":true}]}}