{"id":964,"date":"2026-03-23T00:44:32","date_gmt":"2026-03-22T23:44:32","guid":{"rendered":"https:\/\/legatuslife.com\/?page_id=964"},"modified":"2026-04-17T23:16:17","modified_gmt":"2026-04-17T22:16:17","slug":"kolekcija-kaisevi","status":"publish","type":"page","link":"https:\/\/legatuslife.com\/en\/kolekcija-kaisevi\/","title":{"rendered":"Belts"},"content":{"rendered":"<div class=\"brz brz-root__container brz-reset-all brz-root__container-page\">\n<section id=\"tXcjWZNZLC35_tXcjWZNZLC35\" class=\"brz-section brz-css-d-section brz-css-18q7pj7\">\n<div class=\"brz-section__content brz-section--fullWidth brz-css-d-sectionitem-bg brz-css-y2p3s0\" data-brz-custom-id=\"zCxLXnR0LOQo\">\n<div class=\"brz-container brz-css-d-sectionitem-container brz-css-lnl4yc\">\n<div id=\"\" class=\"brz-css-d-wrapper brz-css-iobwxw brz-wrapper\">\n<div class=\"brz-rich-text brz-rich-text__custom brz-css-d-richtext brz-css-1cvv0lz\" data-brz-custom-id=\"hYWfpt64N12z\">\n<div data-brz-translate-text=\"1\">\n<h2 class=\"brz-tp-lg-heading2 brz-text-lg-center brz-css-enrM0\" data-uniq-id=\"bCgkj\" data-generated-css=\"brz-css-wc5wq\">Belt collection<\/h2>\n<\/div>\n<\/div>\n<\/div>\n<div id=\"\" class=\"brz-css-d-wrapper brz-css-11ahcyw brz-wrapper\">\n<div class=\"brz-rich-text brz-rich-text__custom brz-css-d-richtext brz-css-16jtiqd\" data-brz-custom-id=\"ruSfoj0gwAq_\">\n<div data-brz-translate-text=\"1\">\n<p class=\"brz-tp-lg-paragraph brz-text-lg-center brz-css-lNJYf\" data-generated-css=\"brz-css-lyyL1\" data-uniq-id=\"g2W_h\"><span class=\"brz-cp-color2\" style=\"color: rgba(var(--brz-global-color2),1);\">Explore products that combine quality, functionality and timeless design.<\/span><\/p>\n<\/div>\n<\/div>\n<\/div>\n<div id=\"\" class=\"brz-css-d-wrapper brz-css-r-wrapper brz-css-1mxa9hn brz-wrapper\">\n<div class=\"brz-spacer brz-css-d-spacer brz-css-1me2os9\"><\/div>\n<\/div>\n<div id=\"\" class=\"brz-css-d-wrapper brz-css-r-wrapper brz-css-1p3gnlh brz-wrapper\">\n<div class=\"brz-posts brz-css-d-posts brz-css-15ljx7y\" data-brz-custom-id=\"yq6rH_lpLvar\">\n<div class=\"brz-posts__wrapper\">\n<div class=\"brz-posts__item\">\n<div class=\"brz-columns brz-css-d-column-column brz-css-r-column-column brz-css-ull209\" data-brz-custom-id=\"h6SnattSMA38\">\n<div class=\"brz-hover-animation__container\" data-brz-hover-animationid=\"h6SnattSMA38\" data-brz-hover-options=\"%7B%22fill%22:%22forwards%22,%22easing%22:%22ease%22,%22duration%22:600,%22iterations%22:1%7D\" data-brz-hover-reversible=\"true\" data-brz-hover-target=\"%22parent%22\" data-brz-hover-animation=\"%5B%7B%22WebkitTransform%22:%22translateY(-0px)%22,%22transform%22:%22translateY(-0px)%22,%22offset%22:0%7D,%7B%22WebkitTransform%22:%22translateY(-8px)%22,%22transform%22:%22translateY(-8px)%22,%22offset%22:1%7D%5D\">\n<div class=\"brz-bg\">\n<div class=\"brz-bg-color\"><\/div>\n<\/div>\n<div class=\"brz-column__items brz-css-d-column-bg brz-css-vf5gkm\">\n<div id=\"\" class=\"brz-css-d-wrapper brz-css-10uhlw2 brz-wrapper\">\n<div class=\"brz-image brz-css-d-image-ltl1fjyoxz7u-parent brz-css-1q6hogi\" data-brz-custom-id=\"ltL1FJyOXz7U\"><a class=\"brz-a\" href=\"https:\/\/legatuslife.com\/en\/product\/centurio-crni-kais\/\" target=\"_self\" rel=\"noopener\" data-brz-link-type=\"external\"><picture class=\"brz-picture brz-d-block brz-p-relative brz-css-d-image-ltl1fjyoxz7u-picture brz-css-phsabn\"><source srcset=\"https:\/\/legatuslife.com\/wp-content\/uploads\/brizy\/imgs\/JEL05395-scaled-430x644x0x80x430x484x1774222475.jpg 1x, https:\/\/legatuslife.com\/?brizy_media=944&amp;brizy_crop=iW%3D860%26iH%3D1289%26oX%3D0%26oY%3D160%26cW%3D860%26cH%3D968 2x\" media=\"(min-width: 992px)\" \/><source srcset=\"https:\/\/legatuslife.com\/?brizy_media=944&amp;brizy_crop=iW%3D354%26iH%3D530%26oX%3D0%26oY%3D66%26cW%3D354%26cH%3D398 1x, https:\/\/legatuslife.com\/?brizy_media=944&amp;brizy_crop=iW%3D708%26iH%3D1061%26oX%3D0%26oY%3D132%26cW%3D708%26cH%3D796 2x\" media=\"(min-width: 768px)\" \/><img decoding=\"async\" class=\"brz-img\" title=\"JEL05395\" draggable=\"false\" src=\"https:\/\/legatuslife.com\/wp-content\/uploads\/brizy\/imgs\/JEL05395-scaled-430x644x0x80x430x484x1774222475.jpg\" srcset=\"https:\/\/legatuslife.com\/wp-content\/uploads\/brizy\/imgs\/JEL05395-scaled-430x644x0x80x430x484x1774222475.jpg 1x, https:\/\/legatuslife.com\/?brizy_media=944&amp;brizy_crop=iW%3D860%26iH%3D1289%26oX%3D0%26oY%3D160%26cW%3D860%26cH%3D968 2x\" alt=\"\" \/><\/picture><\/a><\/div>\n<\/div>\n<div id=\"\" class=\"brz-css-d-wrapper brz-css-11f8ssy brz-wrapper\">\n<div class=\"brz-wp-title brz-css-d-wppoststitle brz-css-r-wppoststitle brz-css-44kzf1\" data-brz-custom-id=\"sjTTDLmz6_bO\">\n<p>&nbsp;<\/p>\n<p class=\"brz-wp-title-content\" style=\"min-height: 20px;\">Centurio black belt<\/p>\n<p>&nbsp;<\/p>\n<\/div>\n<\/div>\n<div class=\"brz-row__container brz-css-d-row-row brz-css-1j5fgpz\" data-brz-custom-id=\"jPSiM9j7mB07\">\n<div class=\"brz-row brz-css-d-row-container brz-css-473njr\">\n<div class=\"brz-columns brz-css-d-column-column brz-css-1v7f13o\" data-brz-custom-id=\"lVsowpsMLZRF\">\n<div class=\"brz-column__items brz-css-d-column-bg brz-css-kd7n61\">\n<div id=\"\" class=\"brz-css-d-wrapper brz-css-qk5oxf brz-wrapper\">\n<div class=\"brz-woo-price brz-css-d-wooprice brz-css-z8chcl\" data-brz-custom-id=\"jSYSE0b3koHn\">\n<div style=\"min-height: 20px;\">\n<p class=\"price\"><span class=\"woocommerce-Price-amount amount\"><bdi>7,290.00<span class=\"woocommerce-Price-currencySymbol\">RSD<\/span><\/bdi><\/span><\/p>\n<\/div>\n<\/div>\n<\/div>\n<\/div>\n<\/div>\n<div class=\"brz-columns brz-css-d-column-column brz-css-1yq9t55\" data-brz-custom-id=\"aNdOts5bKbH0\">\n<div class=\"brz-column__items brz-css-d-column-bg brz-css-xtp04e\">\n<div class=\"brz-wrapper-clone brz-flex-xs-wrap brz-css-d-cloneable brz-css-15dwr5t\" data-brz-custom-id=\"lZ9gUaNTRHO9\"><a class=\"brz-a brz-btn brz-css-d-button brz-css-15sigs7 brz-css-d-button-bg brz-css-r-button-bg brz-css-4flkim\" href=\"https:\/\/legatuslife.com\/en\/product\/centurio-crni-kais\/\" target=\"_self\" rel=\"noopener\" data-brz-link-type=\"external\" data-brz-custom-id=\"xOiAMmwIzSs5\"><span class=\"brz-span brz-text__editor\" data-brz-translate-text=\"1\">Order<\/span><\/a><\/div>\n<\/div>\n<\/div>\n<\/div>\n<\/div>\n<\/div>\n<\/div>\n<\/div>\n<\/div>\n<div class=\"brz-posts__item\">\n<div class=\"brz-columns brz-css-d-column-column brz-css-r-column-column brz-css-ull209\" data-brz-custom-id=\"h6SnattSMA38\">\n<div class=\"brz-hover-animation__container\" data-brz-hover-animationid=\"h6SnattSMA38\" data-brz-hover-options=\"%7B%22fill%22:%22forwards%22,%22easing%22:%22ease%22,%22duration%22:600,%22iterations%22:1%7D\" data-brz-hover-reversible=\"true\" data-brz-hover-target=\"%22parent%22\" data-brz-hover-animation=\"%5B%7B%22WebkitTransform%22:%22translateY(-0px)%22,%22transform%22:%22translateY(-0px)%22,%22offset%22:0%7D,%7B%22WebkitTransform%22:%22translateY(-8px)%22,%22transform%22:%22translateY(-8px)%22,%22offset%22:1%7D%5D\">\n<div class=\"brz-bg\">\n<div class=\"brz-bg-color\"><\/div>\n<\/div>\n<div class=\"brz-column__items brz-css-d-column-bg brz-css-vf5gkm\">\n<div id=\"\" class=\"brz-css-d-wrapper brz-css-10uhlw2 brz-wrapper\">\n<div class=\"brz-image brz-css-d-image-ltl1fjyoxz7u-parent brz-css-1q6hogi\" data-brz-custom-id=\"ltL1FJyOXz7U\"><a class=\"brz-a\" href=\"https:\/\/legatuslife.com\/en\/product\/centurio-braon-kais\/\" target=\"_self\" rel=\"noopener\" data-brz-link-type=\"external\"><picture class=\"brz-picture brz-d-block brz-p-relative brz-css-d-image-ltl1fjyoxz7u-picture brz-css-phsabn\"><source srcset=\"https:\/\/legatuslife.com\/wp-content\/uploads\/brizy\/imgs\/JEL05380-scaled-430x644x0x80x430x484x1774222338.jpg 1x, https:\/\/legatuslife.com\/?brizy_media=936&amp;brizy_crop=iW%3D860%26iH%3D1289%26oX%3D0%26oY%3D160%26cW%3D860%26cH%3D968 2x\" media=\"(min-width: 992px)\" \/><source srcset=\"https:\/\/legatuslife.com\/?brizy_media=936&amp;brizy_crop=iW%3D354%26iH%3D530%26oX%3D0%26oY%3D66%26cW%3D354%26cH%3D398 1x, https:\/\/legatuslife.com\/?brizy_media=936&amp;brizy_crop=iW%3D708%26iH%3D1061%26oX%3D0%26oY%3D132%26cW%3D708%26cH%3D796 2x\" media=\"(min-width: 768px)\" \/><img decoding=\"async\" class=\"brz-img\" title=\"JEL05380\" draggable=\"false\" src=\"https:\/\/legatuslife.com\/wp-content\/uploads\/brizy\/imgs\/JEL05380-scaled-430x644x0x80x430x484x1774222338.jpg\" srcset=\"https:\/\/legatuslife.com\/wp-content\/uploads\/brizy\/imgs\/JEL05380-scaled-430x644x0x80x430x484x1774222338.jpg 1x, https:\/\/legatuslife.com\/?brizy_media=936&amp;brizy_crop=iW%3D860%26iH%3D1289%26oX%3D0%26oY%3D160%26cW%3D860%26cH%3D968 2x\" alt=\"\" \/><\/picture><\/a><\/div>\n<\/div>\n<div id=\"\" class=\"brz-css-d-wrapper brz-css-11f8ssy brz-wrapper\">\n<div class=\"brz-wp-title brz-css-d-wppoststitle brz-css-r-wppoststitle brz-css-44kzf1\" data-brz-custom-id=\"sjTTDLmz6_bO\">\n<p>&nbsp;<\/p>\n<p class=\"brz-wp-title-content\" style=\"min-height: 20px;\">Centurio brown belt<\/p>\n<p>&nbsp;<\/p>\n<\/div>\n<\/div>\n<div class=\"brz-row__container brz-css-d-row-row brz-css-1j5fgpz\" data-brz-custom-id=\"jPSiM9j7mB07\">\n<div class=\"brz-row brz-css-d-row-container brz-css-473njr\">\n<div class=\"brz-columns brz-css-d-column-column brz-css-1v7f13o\" data-brz-custom-id=\"lVsowpsMLZRF\">\n<div class=\"brz-column__items brz-css-d-column-bg brz-css-kd7n61\">\n<div id=\"\" class=\"brz-css-d-wrapper brz-css-qk5oxf brz-wrapper\">\n<div class=\"brz-woo-price brz-css-d-wooprice brz-css-z8chcl\" data-brz-custom-id=\"jSYSE0b3koHn\">\n<div style=\"min-height: 20px;\">\n<p class=\"price\"><span class=\"woocommerce-Price-amount amount\"><bdi>7,290.00<span class=\"woocommerce-Price-currencySymbol\">RSD<\/span><\/bdi><\/span><\/p>\n<\/div>\n<\/div>\n<\/div>\n<\/div>\n<\/div>\n<div class=\"brz-columns brz-css-d-column-column brz-css-1yq9t55\" data-brz-custom-id=\"aNdOts5bKbH0\">\n<div class=\"brz-column__items brz-css-d-column-bg brz-css-xtp04e\">\n<div class=\"brz-wrapper-clone brz-flex-xs-wrap brz-css-d-cloneable brz-css-15dwr5t\" data-brz-custom-id=\"lZ9gUaNTRHO9\"><a class=\"brz-a brz-btn brz-css-d-button brz-css-15sigs7 brz-css-d-button-bg brz-css-r-button-bg brz-css-4flkim\" href=\"https:\/\/legatuslife.com\/en\/product\/centurio-braon-kais\/\" target=\"_self\" rel=\"noopener\" data-brz-link-type=\"external\" data-brz-custom-id=\"xOiAMmwIzSs5\"><span class=\"brz-span brz-text__editor\" data-brz-translate-text=\"1\">Order<\/span><\/a><\/div>\n<\/div>\n<\/div>\n<\/div>\n<\/div>\n<\/div>\n<\/div>\n<\/div>\n<\/div>\n<\/div>\n<\/div>\n<\/div>\n<\/div>\n<\/div>\n<\/section>\n<\/div>\n<p><!-- version:1774223112 --><\/p>","protected":false},"excerpt":{"rendered":"<p>Kolekcija kai\u0161eva Istra\u017eite proizvode koji spajaju kvalitet, funkcionalnost i bezvremenski dizajn. &nbsp; Centurio crni kai\u0161 &nbsp; 7,290.00RSD Poru\u010dite &nbsp; Centurio braon kai\u0161 &nbsp; 7,290.00RSD Poru\u010dite<\/p>","protected":false},"author":2,"featured_media":0,"parent":0,"menu_order":0,"comment_status":"closed","ping_status":"closed","template":"brizy-blank-template.php","meta":{"footnotes":""},"class_list":["post-964","page","type-page","status-publish","hentry","entry"],"brizy_media":[],"_links":{"self":[{"href":"https:\/\/legatuslife.com\/en\/wp-json\/wp\/v2\/pages\/964","targetHints":{"allow":["GET"]}}],"collection":[{"href":"https:\/\/legatuslife.com\/en\/wp-json\/wp\/v2\/pages"}],"about":[{"href":"https:\/\/legatuslife.com\/en\/wp-json\/wp\/v2\/types\/page"}],"author":[{"embeddable":true,"href":"https:\/\/legatuslife.com\/en\/wp-json\/wp\/v2\/users\/2"}],"replies":[{"embeddable":true,"href":"https:\/\/legatuslife.com\/en\/wp-json\/wp\/v2\/comments?post=964"}],"version-history":[{"count":3,"href":"https:\/\/legatuslife.com\/en\/wp-json\/wp\/v2\/pages\/964\/revisions"}],"predecessor-version":[{"id":1086,"href":"https:\/\/legatuslife.com\/en\/wp-json\/wp\/v2\/pages\/964\/revisions\/1086"}],"wp:attachment":[{"href":"https:\/\/legatuslife.com\/en\/wp-json\/wp\/v2\/media?parent=964"}],"curies":[{"name":"wp","href":"https:\/\/api.w.org\/{rel}","templated":true}]}}