{"id":1144,"date":"2026-03-25T21:52:48","date_gmt":"2026-03-25T20:52:48","guid":{"rendered":"https:\/\/legatuslife.com\/?post_type=product&#038;p=1144"},"modified":"2026-04-18T00:11:56","modified_gmt":"2026-04-17T23:11:56","slug":"imperium-braon-novcanik","status":"publish","type":"product","link":"https:\/\/legatuslife.com\/en\/product\/imperium-braon-novcanik\/","title":{"rendered":"Imperium brown wallet"},"content":{"rendered":"<p class=\"translation-block\">The Imperium brown wallet is designed for those who value order, precision and security in their everyday lives. Made of premium genuine leather, it combines timeless design with modern functionality and a sense of durability. The pop-up mechanism allows quick and easy access to 5-6 cards, while the inside of the wallet offers 4 more card slots. A separate cash compartment and a discreet coin pocket on the back further enhance organization and practicality.<\/p>\n<p class=\"translation-block\">Equipped with RFID protection, Imperium protects against unwanted wireless communication and theft, providing security without compromise. The magnetic closure provides a clean and secure finish that is functional yet unobtrusive. Available in espresso brown, navy blue and black, Imperium is not just a wallet, but a carrying system, sophisticated, reliable and built to last for years.<\/p>","protected":false},"excerpt":{"rendered":"<p>Imperium braon nov\u010danik namenjen je onima koji cene red, preciznost i sigurnost u svakodnevici. Izra\u0111en od premium prirodne ko\u017ee, spaja bezvremenski dizajn sa savremenom funkcionalno\u0161\u0107u i ose\u0107ajem trajnosti. Pop-up mehanizam omogu\u0107ava brz i jednostavan pristup za 5\u20136 kartica, dok unutra\u0161nja strana nov\u010danika nudi jo\u0161 4 mesta za kartice. Poseban odeljak za ke\u0161 i diskretni d\u017eep&hellip; <a class=\"more-link\" href=\"https:\/\/legatuslife.com\/en\/product\/imperium-braon-novcanik\/\">Continue reading <span class=\"screen-reader-text\">Imperium brown wallet<\/span><\/a><\/p>","protected":false},"featured_media":913,"comment_status":"open","ping_status":"closed","template":"","meta":[],"product_brand":[],"product_cat":[23],"product_tag":[],"class_list":{"0":"post-1144","1":"product","2":"type-product","3":"status-publish","4":"has-post-thumbnail","6":"product_cat-novcanici","7":"entry","9":"first","10":"instock","11":"shipping-taxable","12":"purchasable","13":"product-type-simple"},"_links":{"self":[{"href":"https:\/\/legatuslife.com\/en\/wp-json\/wp\/v2\/product\/1144","targetHints":{"allow":["GET"]}}],"collection":[{"href":"https:\/\/legatuslife.com\/en\/wp-json\/wp\/v2\/product"}],"about":[{"href":"https:\/\/legatuslife.com\/en\/wp-json\/wp\/v2\/types\/product"}],"replies":[{"embeddable":true,"href":"https:\/\/legatuslife.com\/en\/wp-json\/wp\/v2\/comments?post=1144"}],"wp:featuredmedia":[{"embeddable":true,"href":"https:\/\/legatuslife.com\/en\/wp-json\/wp\/v2\/media\/913"}],"wp:attachment":[{"href":"https:\/\/legatuslife.com\/en\/wp-json\/wp\/v2\/media?parent=1144"}],"wp:term":[{"taxonomy":"product_brand","embeddable":true,"href":"https:\/\/legatuslife.com\/en\/wp-json\/wp\/v2\/product_brand?post=1144"},{"taxonomy":"product_cat","embeddable":true,"href":"https:\/\/legatuslife.com\/en\/wp-json\/wp\/v2\/product_cat?post=1144"},{"taxonomy":"product_tag","embeddable":true,"href":"https:\/\/legatuslife.com\/en\/wp-json\/wp\/v2\/product_tag?post=1144"}],"curies":[{"name":"wp","href":"https:\/\/api.w.org\/{rel}","templated":true}]}}