{"id":794,"date":"2026-03-22T00:11:19","date_gmt":"2026-03-21T23:11:19","guid":{"rendered":"https:\/\/legatuslife.com\/?post_type=product&#038;p=794"},"modified":"2026-04-18T00:16:28","modified_gmt":"2026-04-17T23:16:28","slug":"rimska-ljubicasta","status":"publish","type":"product","link":"https:\/\/legatuslife.com\/en\/product\/rimska-ljubicasta\/","title":{"rendered":"Roman violet"},"content":{"rendered":"<p class=\"translation-block\">The Roman white T-shirt from the Romulus and Remus collection is designed for the man who values \u200b\u200bdetail, quality and a minimalist aesthetic. The focus is on precision craftsmanship and clarity of design, where every element has its purpose and place. It is made of premium, high-density cotton, which gives it strength, shape retention and durability with frequent wear.<\/p>\n<p class=\"translation-block\">Made from premium pique material, the polo retains its structure and provides a durable feel when worn. The combination of 95% cotton and 5% spandex brings natural comfort with added elasticity, allowing freedom of movement without compromising the shape. The quality of workmanship and attention to detail in sewing ensure durability and a reliable look over time. This is not just a polo shirt, but an expression of style that does not impose itself, but remains memorable.<\/p>","protected":false},"excerpt":{"rendered":"<p>Rimska ljubi\u010dasta polo majica iz kolekcije Romul i Rem\u00a0namenjena je mu\u0161karcu koji ne tra\u017ei pa\u017enju, ali je prirodno privla\u010di. Njena snaga le\u017ei u svedenom dizajnu i precizno definisanoj formi, gde svaki detalj ima svoju svrhu. Diskretan izgled ostavlja jasan utisak, samouveren, stabilan i bez potrebe za nagla\u0161avanjem. Izra\u0111ena od premium pique materijala, polo zadr\u017eava strukturu&hellip; <a class=\"more-link\" href=\"https:\/\/legatuslife.com\/en\/product\/rimska-ljubicasta\/\">Continue reading <span class=\"screen-reader-text\">Roman violet<\/span><\/a><\/p>","protected":false},"featured_media":803,"comment_status":"open","ping_status":"closed","template":"","meta":[],"product_brand":[],"product_cat":[25,21],"product_tag":[],"class_list":{"0":"post-794","1":"product","2":"type-product","3":"status-publish","4":"has-post-thumbnail","6":"product_cat-polo-majice","7":"product_cat-romul-i-rem","8":"entry","10":"first","11":"instock","12":"shipping-taxable","13":"purchasable","14":"product-type-variable"},"_links":{"self":[{"href":"https:\/\/legatuslife.com\/en\/wp-json\/wp\/v2\/product\/794","targetHints":{"allow":["GET"]}}],"collection":[{"href":"https:\/\/legatuslife.com\/en\/wp-json\/wp\/v2\/product"}],"about":[{"href":"https:\/\/legatuslife.com\/en\/wp-json\/wp\/v2\/types\/product"}],"replies":[{"embeddable":true,"href":"https:\/\/legatuslife.com\/en\/wp-json\/wp\/v2\/comments?post=794"}],"wp:featuredmedia":[{"embeddable":true,"href":"https:\/\/legatuslife.com\/en\/wp-json\/wp\/v2\/media\/803"}],"wp:attachment":[{"href":"https:\/\/legatuslife.com\/en\/wp-json\/wp\/v2\/media?parent=794"}],"wp:term":[{"taxonomy":"product_brand","embeddable":true,"href":"https:\/\/legatuslife.com\/en\/wp-json\/wp\/v2\/product_brand?post=794"},{"taxonomy":"product_cat","embeddable":true,"href":"https:\/\/legatuslife.com\/en\/wp-json\/wp\/v2\/product_cat?post=794"},{"taxonomy":"product_tag","embeddable":true,"href":"https:\/\/legatuslife.com\/en\/wp-json\/wp\/v2\/product_tag?post=794"}],"curies":[{"name":"wp","href":"https:\/\/api.w.org\/{rel}","templated":true}]}}