{"id":897,"date":"2026-03-23T00:18:05","date_gmt":"2026-03-22T23:18:05","guid":{"rendered":"https:\/\/legatuslife.com\/?post_type=product&#038;p=897"},"modified":"2026-04-18T00:13:35","modified_gmt":"2026-04-17T23:13:35","slug":"novcanik-dominus","status":"publish","type":"product","link":"https:\/\/legatuslife.com\/en\/product\/novcanik-dominus\/","title":{"rendered":"Wallet dominus"},"content":{"rendered":"<p><strong>Dominus nov\u010danik<\/strong> namenjen je onima koji cene jasno\u0107u, efikasnost i svedenu eleganciju. Izra\u0111en od <strong>premium prirodne ko\u017ee<\/strong>, pru\u017ea minimalisti\u010dku formu bez kompromisa po pitanju funkcionalnosti. Njegov <strong>ultra-tanak profil<\/strong> diskretno se uklapa u d\u017eep, bez stvaranja vi\u0161ka i naru\u0161avanja linije. Pop-up mehanizam omogu\u0107ava brz pristup za <strong>6\u20138 kartica<\/strong>, dr\u017ee\u0107i sve \u0161to je potrebno nadohvat ruke.<\/p>\n<p>Dodatni d\u017eepovi sa prednje i zadnje strane nude prostor za jo\u0161 <strong>2\u20134 kartice ili savijene nov\u010danice<\/strong>, prilago\u0111avaju\u0107i se svakodnevnim potrebama bez suvi\u0161nog optere\u0107enja. Opremljen <strong>RFID za\u0161titom<\/strong>, Dominus \u0161titi od ne\u017eeljene be\u017ei\u010dne komunikacije i kra\u0111e. Dostupan u <strong>crnoj boji<\/strong>, Dominus nije samo manji nov\u010danik, ve\u0107 promi\u0161ljen izbor discipline, gde manje nosi vi\u0161e zna\u010denja.<\/p>","protected":false},"excerpt":{"rendered":"<p>Dominus nov\u010danik namenjen je onima koji cene jasno\u0107u, efikasnost i svedenu eleganciju. Izra\u0111en od premium prirodne ko\u017ee, pru\u017ea minimalisti\u010dku formu bez kompromisa po pitanju funkcionalnosti. Njegov ultra-tanak profil diskretno se uklapa u d\u017eep, bez stvaranja vi\u0161ka i naru\u0161avanja linije. Pop-up mehanizam omogu\u0107ava brz pristup za 6\u20138 kartica, dr\u017ee\u0107i sve \u0161to je potrebno nadohvat ruke. Dodatni&hellip; <a class=\"more-link\" href=\"https:\/\/legatuslife.com\/en\/product\/novcanik-dominus\/\">Continue reading <span class=\"screen-reader-text\">Wallet dominus<\/span><\/a><\/p>","protected":false},"featured_media":898,"comment_status":"open","ping_status":"closed","template":"","meta":[],"product_brand":[],"product_cat":[23],"product_tag":[],"class_list":{"0":"post-897","1":"product","2":"type-product","3":"status-publish","4":"has-post-thumbnail","6":"product_cat-novcanici","7":"entry","9":"first","10":"instock","11":"shipping-taxable","12":"purchasable","13":"product-type-simple"},"_links":{"self":[{"href":"https:\/\/legatuslife.com\/en\/wp-json\/wp\/v2\/product\/897","targetHints":{"allow":["GET"]}}],"collection":[{"href":"https:\/\/legatuslife.com\/en\/wp-json\/wp\/v2\/product"}],"about":[{"href":"https:\/\/legatuslife.com\/en\/wp-json\/wp\/v2\/types\/product"}],"replies":[{"embeddable":true,"href":"https:\/\/legatuslife.com\/en\/wp-json\/wp\/v2\/comments?post=897"}],"wp:featuredmedia":[{"embeddable":true,"href":"https:\/\/legatuslife.com\/en\/wp-json\/wp\/v2\/media\/898"}],"wp:attachment":[{"href":"https:\/\/legatuslife.com\/en\/wp-json\/wp\/v2\/media?parent=897"}],"wp:term":[{"taxonomy":"product_brand","embeddable":true,"href":"https:\/\/legatuslife.com\/en\/wp-json\/wp\/v2\/product_brand?post=897"},{"taxonomy":"product_cat","embeddable":true,"href":"https:\/\/legatuslife.com\/en\/wp-json\/wp\/v2\/product_cat?post=897"},{"taxonomy":"product_tag","embeddable":true,"href":"https:\/\/legatuslife.com\/en\/wp-json\/wp\/v2\/product_tag?post=897"}],"curies":[{"name":"wp","href":"https:\/\/api.w.org\/{rel}","templated":true}]}}