{"id":938,"date":"2026-03-23T00:33:08","date_gmt":"2026-03-22T23:33:08","guid":{"rendered":"https:\/\/legatuslife.com\/?post_type=product&#038;p=938"},"modified":"2026-04-18T00:12:39","modified_gmt":"2026-04-17T23:12:39","slug":"centurio-crni-kais","status":"publish","type":"product","link":"https:\/\/legatuslife.com\/en\/product\/centurio-crni-kais\/","title":{"rendered":"Centurio black belt"},"content":{"rendered":"<p class=\"translation-block\">The Centurio belt is designed for those who value precision, control and understated elegance. Made from premium genuine leather, it brings a new dimension through a modern automatic buckle mechanism. The buckle system allows micro-adjustments every 0.5 cm, providing a level of comfort and accuracy far beyond the standard 2\u20133 cm hole spacing.<\/p>\n<p class=\"translation-block\">Available in a universal size, the Centurio comes in a length of 130 cm and is intended for a waist circumference of up to 120 cm. It can be easily adjusted to individual needs: measure the required length, detach the buckle, shorten the strap and reattach the buckle for a perfect fit. Without holes, the design remains clean, emphasizing elegance and durability. Available in black and brown, the Centurio is practical, adaptable and purpose-built, designed to fit just right.<\/p>","protected":false},"excerpt":{"rendered":"<p>Centurio kai\u0161 namenjen je onima koji cene preciznost, kontrolu i svedenu eleganciju. Izra\u0111en od premium prirodne ko\u017ee, donosi novu dimenziju kroz moderan automatski mehanizam kop\u010danja. Sistem kop\u010de omogu\u0107ava mikro-pode\u0161avanja na svakih 0,5 cm, pru\u017eaju\u0107i nivo udobnosti i ta\u010dnosti daleko iznad standardnog razmaka rupica od 2\u20133 cm. Dostupan u univerzalnoj veli\u010dini, Centurio dolazi u du\u017eini od&hellip; <a class=\"more-link\" href=\"https:\/\/legatuslife.com\/en\/product\/centurio-crni-kais\/\">Continue reading <span class=\"screen-reader-text\">Centurio black belt<\/span><\/a><\/p>","protected":false},"featured_media":944,"comment_status":"open","ping_status":"closed","template":"","meta":[],"product_brand":[],"product_cat":[24],"product_tag":[],"class_list":{"0":"post-938","1":"product","2":"type-product","3":"status-publish","4":"has-post-thumbnail","6":"product_cat-kaisevi","7":"entry","9":"first","10":"instock","11":"shipping-taxable","12":"purchasable","13":"product-type-simple"},"_links":{"self":[{"href":"https:\/\/legatuslife.com\/en\/wp-json\/wp\/v2\/product\/938","targetHints":{"allow":["GET"]}}],"collection":[{"href":"https:\/\/legatuslife.com\/en\/wp-json\/wp\/v2\/product"}],"about":[{"href":"https:\/\/legatuslife.com\/en\/wp-json\/wp\/v2\/types\/product"}],"replies":[{"embeddable":true,"href":"https:\/\/legatuslife.com\/en\/wp-json\/wp\/v2\/comments?post=938"}],"wp:featuredmedia":[{"embeddable":true,"href":"https:\/\/legatuslife.com\/en\/wp-json\/wp\/v2\/media\/944"}],"wp:attachment":[{"href":"https:\/\/legatuslife.com\/en\/wp-json\/wp\/v2\/media?parent=938"}],"wp:term":[{"taxonomy":"product_brand","embeddable":true,"href":"https:\/\/legatuslife.com\/en\/wp-json\/wp\/v2\/product_brand?post=938"},{"taxonomy":"product_cat","embeddable":true,"href":"https:\/\/legatuslife.com\/en\/wp-json\/wp\/v2\/product_cat?post=938"},{"taxonomy":"product_tag","embeddable":true,"href":"https:\/\/legatuslife.com\/en\/wp-json\/wp\/v2\/product_tag?post=938"}],"curies":[{"name":"wp","href":"https:\/\/api.w.org\/{rel}","templated":true}]}}